{"id":366,"date":"2020-08-16T13:12:30","date_gmt":"2020-08-16T13:12:30","guid":{"rendered":"https:\/\/latelier9.com\/bienvenue\/talleres-linguisticos-y-culturales-copy\/"},"modified":"2022-04-21T08:32:09","modified_gmt":"2022-04-21T08:32:09","slug":"contact","status":"publish","type":"page","link":"https:\/\/latelier9.com\/bienvenue\/contact\/","title":{"rendered":"Contact"},"content":{"rendered":"<p>[vc_row][vc_column][vc_row_inner][vc_column_inner][vc_custom_heading source=&#8221;post_title&#8221; font_container=&#8221;tag:h2|font_size:25|text_align:center|color:%23ffffff&#8221; use_theme_fonts=&#8221;yes&#8221; css=&#8221;.vc_custom_1597584786843{padding-top: 30px !important;padding-right: 7px !important;padding-bottom: 30px !important;padding-left: 7px !important;background-color: #065ba1 !important;}&#8221;][vc_raw_html css=&#8221;.vc_custom_1650529924584{margin-top: -8px !important;border-bottom-width: 30px !important;padding-top: 25px !important;padding-right: 10px !important;padding-bottom: 15px !important;padding-left: 10px !important;background-color: #d7e6e1 !important;}&#8221;]JTVCZWxmc2lnaHRfZm9ybV9idWlsZGVyJTIwaWQlM0QlMjI4JTIyJTVE[\/vc_raw_html][vc_raw_html css=&#8221;.vc_custom_1597584985673{margin-top: -35px !important;}&#8221;]JTNDaWZyYW1lJTIwc3JjJTNEJTIyaHR0cHMlM0ElMkYlMkZ3d3cuZ29vZ2xlLmNvbSUyRm1hcHMlMkZlbWJlZCUzRnBiJTNEJTIxMW0xNCUyMTFtOCUyMTFtMyUyMTFkMTA0OTcuMTY0MjE5MTI1MDg3JTIxMmQyLjMzNTkxOTk2Mjg5MDYxNTglMjEzZDQ4Ljg3MTcyNzgyMTk2MTElMjEzbTIlMjExaTEwMjQlMjEyaTc2OCUyMTRmMTMuMSUyMTNtMyUyMTFtMiUyMTFzMHgwJTI1M0EweGNmOWRhMzk5ZDMxMmYyZTMlMjEyc0wlMjdhdGVsaWVyJTI1MjA5JTIxNWUwJTIxM20yJTIxMXNlcy00MTklMjEyc214JTIxNHYxNTkyMjc5Njc2MTEwJTIxNW0yJTIxMXNlcy00MTklMjEyc214JTIyJTIwd2lkdGglM0QlMjIxMDAlMjUlMjIlMjBoZWlnaHQlM0QlMjIzMDAlMjIlMjBmcmFtZWJvcmRlciUzRCUyMjAlMjIlMjBzdHlsZSUzRCUyMmJvcmRlciUzQTAlM0IlMjIlMjBhbGxvd2Z1bGxzY3JlZW4lM0QlMjIlMjIlMjBhcmlhLWhpZGRlbiUzRCUyMmZhbHNlJTIyJTIwdGFiaW5kZXglM0QlMjIwJTIyJTNFJTNDJTJGaWZyYW1lJTNF[\/vc_raw_html][vc_custom_heading text=&#8221;34 rue de Tr\u00e9vise, 75009 Paris M\u00e9tro : Cadet et Grands Boulevards Station V\u00e9lib&#8217;: Folies Berg\u00e8re (0.1 km)<br \/>\n<b>HORAIRES DE BUREAU :<\/b> Du lundi au jeudi de 10h \u00e0 19h00 et vendredi de 10h \u00e0 18h. Ferm\u00e9 le week-end.<br \/>\n<b>Email: <\/b> latelier9@latelier9.com<br \/>\n<b>Tel. <\/b> +33 1 42 46 70 21.&#8221; font_container=&#8221;tag:p|font_size:16|text_align:center|color:%23ffffff&#8221; use_theme_fonts=&#8221;yes&#8221; css=&#8221;.vc_custom_1598034068777{margin-top: -40px !important;margin-bottom: 30px !important;padding-top: 20px !important;padding-right: 7px !important;padding-bottom: 20px !important;padding-left: 7px !important;background-color: #065ba1 !important;}&#8221;][\/vc_column_inner][\/vc_row_inner][\/vc_column][\/vc_row][vc_row css=&#8221;.vc_custom_1597551607383{margin-bottom: 34px !important;padding-right: 10px !important;}&#8221;][vc_column][vc_raw_html]JTNDZGl2JTIwY2xhc3MlM0QlMjIlMjIlMjBzdHlsZSUzRCUyMnRleHQtYWxpZ24lM0FjZW50ZXIlM0IlMjIlM0UlMEElM0NhJTIwaHJlZiUzRCUyMmh0dHBzJTNBJTJGJTJGbGF0ZWxpZXI5LmNvbSUyRmJpZW52ZW51ZSUyRmRhdGVzLWRlLXNlc3Npb25zJTJGJTIyJTIwY2xhc3MlM0QlMjJib3RvbjElMjIlM0VSRVRPVVIlM0MlMkZhJTNFJTBBJTBBJTNDJTJGZGl2JTNF[\/vc_raw_html]\n\t\t\t<!-- START Slider 2 REVOLUTION SLIDER 6.2.18 --><p class=\"rs-p-wp-fix\"><\/p>\n\t\t\t<rs-module-wrap id=\"rev_slider_2_1_wrapper\" data-source=\"gallery\" style=\"background:transparent;padding:0;margin:0px auto;margin-top:0;margin-bottom:0;\">\n\t\t\t\t<rs-module id=\"rev_slider_2_1\" style=\"\" data-version=\"6.2.18\">\n\t\t\t\t\t<rs-slides>\n\t\t\t\t\t\t<rs-slide data-key=\"rs-3\" data-title=\"Slide\" data-anim=\"ei:d;eo:d;s:1000;r:0;t:fade;sl:0;\">\n\t\t\t\t\t\t\t<img src=\"\/\/latelier9.com\/bienvenue\/wp-content\/plugins\/revslider\/public\/assets\/assets\/transparent.png\" alt=\"Slide\" title=\"Contact\" class=\"rev-slidebg\" data-no-retina>\n<!--\n\t\t\t\t\t\t\t--><rs-layer\n\t\t\t\t\t\t\t\tid=\"slider-2-slide-3-layer-1\" \n\t\t\t\t\t\t\t\tdata-type=\"image\"\n\t\t\t\t\t\t\t\tdata-rsp_ch=\"on\"\n\t\t\t\t\t\t\t\tdata-xy=\"xo:-642px,-642px,-642px,-112px;yo:165px,165px,165px,350px;\"\n\t\t\t\t\t\t\t\tdata-text=\"w:normal;s:20,20,20,7;l:0,0,0,9;\"\n\t\t\t\t\t\t\t\tdata-dim=\"w:300px,300px,300px,271px;h:125px,125px,125px,113px;\"\n\t\t\t\t\t\t\t\tdata-frame_999=\"o:0;st:w;\"\n\t\t\t\t\t\t\t\tdata-loop_999=\"x:3000px;sp:99999;e:sine.inOut;yym:t;\"\n\t\t\t\t\t\t\t\tstyle=\"z-index:13;\"\n\t\t\t\t\t\t\t><img src=\"\/\/latelier9.com\/bienvenue\/contenido\/uploads\/2020\/08\/Recurso-7-1-nube.svg\" width=\"0\" height=\"0\" data-no-retina> \n\t\t\t\t\t\t\t<\/rs-layer><!--\n\n\t\t\t\t\t\t\t--><rs-layer\n\t\t\t\t\t\t\t\tid=\"slider-2-slide-3-layer-2\" \n\t\t\t\t\t\t\t\tdata-type=\"image\"\n\t\t\t\t\t\t\t\tdata-rsp_ch=\"on\"\n\t\t\t\t\t\t\t\tdata-xy=\"xo:-311px,-311px,-311px,256px;yo:28px,28px,28px,431px;\"\n\t\t\t\t\t\t\t\tdata-text=\"w:normal;s:20,20,20,7;l:0,0,0,9;\"\n\t\t\t\t\t\t\t\tdata-dim=\"w:['300px','300px','300px','300px'];h:['125px','125px','125px','125px'];\"\n\t\t\t\t\t\t\t\tdata-frame_999=\"o:0;st:w;\"\n\t\t\t\t\t\t\t\tdata-loop_999=\"x:3000px;sp:99999;st:1500;e:sine.inOut;yym:t;\"\n\t\t\t\t\t\t\t\tstyle=\"z-index:15;\"\n\t\t\t\t\t\t\t><img src=\"\/\/latelier9.com\/bienvenue\/contenido\/uploads\/2020\/08\/Recurso-7-1.svg\" width=\"0\" height=\"0\" data-no-retina> \n\t\t\t\t\t\t\t<\/rs-layer><!--\n\n\t\t\t\t\t\t\t--><rs-layer\n\t\t\t\t\t\t\t\tid=\"slider-2-slide-3-layer-3\" \n\t\t\t\t\t\t\t\tdata-type=\"image\"\n\t\t\t\t\t\t\t\tdata-rsp_ch=\"on\"\n\t\t\t\t\t\t\t\tdata-xy=\"x:c;xo:1px,1px,1px,-17px;y:b;yo:-8px,-8px,-8px,-4px;\"\n\t\t\t\t\t\t\t\tdata-text=\"w:normal;s:20,20,20,7;l:0,0,0,9;\"\n\t\t\t\t\t\t\t\tdata-dim=\"w:2049px,2049px,2049px,2072px;h:180px,180px,180px,182px;\"\n\t\t\t\t\t\t\t\tdata-frame_999=\"o:0;st:w;\"\n\t\t\t\t\t\t\t\tstyle=\"z-index:9;\"\n\t\t\t\t\t\t\t><img src=\"\/\/latelier9.com\/bienvenue\/contenido\/uploads\/2020\/08\/lista2Recurso-1blanco.png\" width=\"13845\" height=\"1216\" data-no-retina> \n\t\t\t\t\t\t\t<\/rs-layer><!--\n\n\t\t\t\t\t\t\t--><rs-layer\n\t\t\t\t\t\t\t\tid=\"slider-2-slide-3-layer-4\" \n\t\t\t\t\t\t\t\tdata-type=\"image\"\n\t\t\t\t\t\t\t\tdata-rsp_ch=\"on\"\n\t\t\t\t\t\t\t\tdata-xy=\"x:c;yo:5px,5px,5px,6px;\"\n\t\t\t\t\t\t\t\tdata-text=\"w:normal;s:20,20,20,7;l:0,0,0,9;\"\n\t\t\t\t\t\t\t\tdata-dim=\"w:193px,193px,193px,209px;h:330px,330px,330px,358px;\"\n\t\t\t\t\t\t\t\tdata-frame_999=\"o:0;st:w;\"\n\t\t\t\t\t\t\t\tstyle=\"z-index:8;\"\n\t\t\t\t\t\t\t><img src=\"\/\/latelier9.com\/bienvenue\/contenido\/uploads\/2024\/11\/Logo-Latelier-9-Color.png\" width=\"280\" height=\"480\" data-no-retina> \n\t\t\t\t\t\t\t<\/rs-layer><!--\n\n\t\t\t\t\t\t\t--><rs-layer\n\t\t\t\t\t\t\t\tid=\"slider-2-slide-3-layer-5\" \n\t\t\t\t\t\t\t\tdata-type=\"image\"\n\t\t\t\t\t\t\t\tdata-rsp_ch=\"on\"\n\t\t\t\t\t\t\t\tdata-xy=\"xo:547px,547px,547px,245px;yo:42px,42px,42px,21px;\"\n\t\t\t\t\t\t\t\tdata-text=\"w:normal;s:20,20,20,7;l:0,0,0,9;\"\n\t\t\t\t\t\t\t\tdata-dim=\"w:300px,300px,300px,293px;h:125px,125px,125px,122px;\"\n\t\t\t\t\t\t\t\tdata-frame_999=\"o:0;st:w;\"\n\t\t\t\t\t\t\t\tdata-loop_999=\"x:3000px;sp:99999;st:1500;e:sine.inOut;yym:t;\"\n\t\t\t\t\t\t\t\tstyle=\"z-index:14;\"\n\t\t\t\t\t\t\t><img src=\"\/\/latelier9.com\/bienvenue\/contenido\/uploads\/2020\/08\/Recurso-7-1.svg\" width=\"0\" height=\"0\" data-no-retina> \n\t\t\t\t\t\t\t<\/rs-layer><!--\n\n\t\t\t\t\t\t\t--><rs-layer\n\t\t\t\t\t\t\t\tid=\"slider-2-slide-3-layer-6\" \n\t\t\t\t\t\t\t\tdata-type=\"image\"\n\t\t\t\t\t\t\t\tdata-rsp_ch=\"on\"\n\t\t\t\t\t\t\t\tdata-xy=\"xo:120px,120px,120px,-311px;yo:144px,144px,144px,164px;\"\n\t\t\t\t\t\t\t\tdata-text=\"w:normal;s:20,20,20,7;l:0,0,0,9;\"\n\t\t\t\t\t\t\t\tdata-dim=\"w:300px,300px,300px,266px;h:125px,125px,125px,111px;\"\n\t\t\t\t\t\t\t\tdata-frame_999=\"o:0;st:w;\"\n\t\t\t\t\t\t\t\tdata-loop_999=\"x:3000px;sp:99999;st:1500;e:sine.inOut;yym:t;\"\n\t\t\t\t\t\t\t\tstyle=\"z-index:12;\"\n\t\t\t\t\t\t\t><img src=\"\/\/latelier9.com\/bienvenue\/contenido\/uploads\/2020\/08\/Recurso-7-1.svg\" width=\"0\" height=\"0\" data-no-retina> \n\t\t\t\t\t\t\t<\/rs-layer><!--\n\n\t\t\t\t\t\t\t--><rs-layer\n\t\t\t\t\t\t\t\tid=\"slider-2-slide-3-layer-7\" \n\t\t\t\t\t\t\t\tdata-type=\"image\"\n\t\t\t\t\t\t\t\tdata-rsp_ch=\"on\"\n\t\t\t\t\t\t\t\tdata-xy=\"x:c;xo:92px,92px,92px,102px;y:b;yo:120px,120px,120px,40px;\"\n\t\t\t\t\t\t\t\tdata-text=\"w:normal;s:20,20,20,7;l:0,0,0,9;\"\n\t\t\t\t\t\t\t\tdata-dim=\"w:150px,150px,150px,180px;h:213px,213px,213px,255px;\"\n\t\t\t\t\t\t\t\tdata-frame_999=\"o:0;st:w;\"\n\t\t\t\t\t\t\t\tstyle=\"z-index:11;\"\n\t\t\t\t\t\t\t><img src=\"\/\/latelier9.com\/bienvenue\/contenido\/uploads\/2025\/05\/ExcellenceAward-2025.webp\" width=\"407\" height=\"577\" data-no-retina> \n\t\t\t\t\t\t\t<\/rs-layer><!--\n\n\t\t\t\t\t\t\t--><rs-layer\n\t\t\t\t\t\t\t\tid=\"slider-2-slide-3-layer-8\" \n\t\t\t\t\t\t\t\tdata-type=\"image\"\n\t\t\t\t\t\t\t\tdata-rsp_ch=\"on\"\n\t\t\t\t\t\t\t\tdata-xy=\"x:c;xo:-107px,-107px,-107px,-87px;y:b;yo:120px,120px,120px,40px;\"\n\t\t\t\t\t\t\t\tdata-text=\"w:normal;s:20,20,20,7;l:0,0,0,9;\"\n\t\t\t\t\t\t\t\tdata-dim=\"w:150px,150px,150px,180px;h:213px,213px,213px,255px;\"\n\t\t\t\t\t\t\t\tdata-frame_999=\"o:0;st:w;\"\n\t\t\t\t\t\t\t\tstyle=\"z-index:10;\"\n\t\t\t\t\t\t\t><img src=\"\/\/latelier9.com\/bienvenue\/contenido\/uploads\/2024\/03\/ExcellenceAward.png\" width=\"379\" height=\"537\" data-no-retina> \n\t\t\t\t\t\t\t<\/rs-layer><!--\n-->\t\t\t\t\t\t<\/rs-slide>\n\t\t\t\t\t<\/rs-slides>\n\t\t\t\t<\/rs-module>\n\t\t\t\t<script type=\"text\/javascript\">\n\t\t\t\t\tsetREVStartSize({c: 'rev_slider_2_1',rl:[1240,1240,1240,480],el:[700,700,700,720],gw:[1240,1240,1240,480],gh:[700,700,700,720],type:'standard',justify:'',layout:'fullwidth',mh:\"0\"});\n\t\t\t\t\tvar\trevapi2,\n\t\t\t\t\t\ttpj;\n\t\t\t\t\tjQuery(function() {\n\t\t\t\t\t\ttpj = jQuery;\n\t\t\t\t\t\trevapi2 = tpj(\"#rev_slider_2_1\");\n\t\t\t\t\t\tif(revapi2==undefined || revapi2.revolution == undefined){\n\t\t\t\t\t\t\trevslider_showDoubleJqueryError(\"rev_slider_2_1\");\n\t\t\t\t\t\t}else{\n\t\t\t\t\t\t\trevapi2.revolution({\n\t\t\t\t\t\t\t\tsliderLayout:\"fullwidth\",\n\t\t\t\t\t\t\t\tvisibilityLevels:\"1240,1240,1240,480\",\n\t\t\t\t\t\t\t\tgridwidth:\"1240,1240,1240,480\",\n\t\t\t\t\t\t\t\tgridheight:\"700,700,700,720\",\n\t\t\t\t\t\t\t\tspinner:\"spinner0\",\n\t\t\t\t\t\t\t\tperspective:600,\n\t\t\t\t\t\t\t\tperspectiveType:\"global\",\n\t\t\t\t\t\t\t\teditorheight:\"700,768,960,720\",\n\t\t\t\t\t\t\t\tresponsiveLevels:\"1240,1240,1240,480\",\n\t\t\t\t\t\t\t\tprogressBar:{disableProgressBar:true},\n\t\t\t\t\t\t\t\tnavigation: {\n\t\t\t\t\t\t\t\t\tonHoverStop:false\n\t\t\t\t\t\t\t\t},\n\t\t\t\t\t\t\t\tfallbacks: {\n\t\t\t\t\t\t\t\t\tallowHTML5AutoPlayOnAndroid:true\n\t\t\t\t\t\t\t\t},\n\t\t\t\t\t\t\t});\n\t\t\t\t\t\t}\n\t\t\t\t\t\t\n\t\t\t\t\t});\n\t\t\t\t<\/script>\n\t\t\t<\/rs-module-wrap>\n\t\t\t<!-- END REVOLUTION SLIDER -->\n[\/vc_column][\/vc_row]<\/p>\n","protected":false},"excerpt":{"rendered":"<p>[vc_row][vc_column][vc_row_inner][vc_column_inner][vc_custom_heading source=&#8221;post_title&#8221; font_container=&#8221;tag:h2|font_size:25|text_align:center|color:%23ffffff&#8221; use_theme_fonts=&#8221;yes&#8221; css=&#8221;.vc_custom_1597584786843{padding-top: 30px !important;padding-right: 7px !important;padding-bottom: 30px !important;padding-left: 7px !important;background-color: #065ba1 !important;}&#8221;][vc_raw_html css=&#8221;.vc_custom_1650529924584{margin-top: -8px !important;border-bottom-width: 30px !important;padding-top: 25px !important;padding-right: 10px !important;padding-bottom: 15px !important;padding-left: 10px !important;background-color: #d7e6e1 !important;}&#8221;]JTVCZWxmc2lnaHRfZm9ybV9idWlsZGVyJTIwaWQlM0QlMjI4JTIyJTVE[\/vc_raw_html][vc_raw_html css=&#8221;.vc_custom_1597584985673{margin-top: -35px !important;}&#8221;]JTNDaWZyYW1lJTIwc3JjJTNEJTIyaHR0cHMlM0ElMkYlMkZ3d3cuZ29vZ2xlLmNvbSUyRm1hcHMlMkZlbWJlZCUzRnBiJTNEJTIxMW0xNCUyMTFtOCUyMTFtMyUyMTFkMTA0OTcuMTY0MjE5MTI1MDg3JTIxMmQyLjMzNTkxOTk2Mjg5MDYxNTglMjEzZDQ4Ljg3MTcyNzgyMTk2MTElMjEzbTIlMjExaTEwMjQlMjEyaTc2OCUyMTRmMTMuMSUyMTNtMyUyMTFtMiUyMTFzMHgwJTI1M0EweGNmOWRhMzk5ZDMxMmYyZTMlMjEyc0wlMjdhdGVsaWVyJTI1MjA5JTIxNWUwJTIxM20yJTIxMXNlcy00MTklMjEyc214JTIxNHYxNTkyMjc5Njc2MTEwJTIxNW0yJTIxMXNlcy00MTklMjEyc214JTIyJTIwd2lkdGglM0QlMjIxMDAlMjUlMjIlMjBoZWlnaHQlM0QlMjIzMDAlMjIlMjBmcmFtZWJvcmRlciUzRCUyMjAlMjIlMjBzdHlsZSUzRCUyMmJvcmRlciUzQTAlM0IlMjIlMjBhbGxvd2Z1bGxzY3JlZW4lM0QlMjIlMjIlMjBhcmlhLWhpZGRlbiUzRCUyMmZhbHNlJTIyJTIwdGFiaW5kZXglM0QlMjIwJTIyJTNFJTNDJTJGaWZyYW1lJTNF[\/vc_raw_html][vc_custom_heading text=&#8221;34 rue de Tr\u00e9vise, 75009 Paris M\u00e9tro : Cadet et Grands Boulevards Station V\u00e9lib&#8217;: Folies Berg\u00e8re (0.1 km) HORAIRES DE BUREAU : [&hellip;]<\/p>\n","protected":false},"author":1,"featured_media":0,"parent":0,"menu_order":0,"comment_status":"closed","ping_status":"closed","template":"","meta":{"slim_seo":{"title":"Contact - Latelier9","description":"[vc_row][vc_column][vc_row_inner][vc_column_inner][vc_custom_heading source=\"post_title\" font_container=\"tag:h2|font_size:25|text_align:center|color:%23ffffff\""}},"_links":{"self":[{"href":"https:\/\/latelier9.com\/bienvenue\/wp-json\/wp\/v2\/pages\/366"}],"collection":[{"href":"https:\/\/latelier9.com\/bienvenue\/wp-json\/wp\/v2\/pages"}],"about":[{"href":"https:\/\/latelier9.com\/bienvenue\/wp-json\/wp\/v2\/types\/page"}],"author":[{"embeddable":true,"href":"https:\/\/latelier9.com\/bienvenue\/wp-json\/wp\/v2\/users\/1"}],"replies":[{"embeddable":true,"href":"https:\/\/latelier9.com\/bienvenue\/wp-json\/wp\/v2\/comments?post=366"}],"version-history":[{"count":47,"href":"https:\/\/latelier9.com\/bienvenue\/wp-json\/wp\/v2\/pages\/366\/revisions"}],"predecessor-version":[{"id":769,"href":"https:\/\/latelier9.com\/bienvenue\/wp-json\/wp\/v2\/pages\/366\/revisions\/769"}],"wp:attachment":[{"href":"https:\/\/latelier9.com\/bienvenue\/wp-json\/wp\/v2\/media?parent=366"}],"curies":[{"name":"wp","href":"https:\/\/api.w.org\/{rel}","templated":true}]}}