{"id":342,"date":"2020-08-16T04:33:04","date_gmt":"2020-08-16T04:33:04","guid":{"rendered":"https:\/\/latelier9.com\/bienvenue\/alojamiento-copy\/"},"modified":"2020-08-21T18:17:22","modified_gmt":"2020-08-21T18:17:22","slug":"ateliers","status":"publish","type":"page","link":"https:\/\/latelier9.com\/bienvenue\/ateliers\/","title":{"rendered":"ATELIERS"},"content":{"rendered":"<p>[vc_row css=&#8221;.vc_custom_1597867566741{margin-top: -20px !important;padding-right: 10px !important;}&#8221;][vc_column][vc_row_inner][vc_column_inner][vc_custom_heading text=&#8221;Ateliers langue et culture&#8221; font_container=&#8221;tag:h2|font_size:25|text_align:center|color:%23ffffff&#8221; use_theme_fonts=&#8221;yes&#8221; css=&#8221;.vc_custom_1597871597531{margin-top: 15px !important;padding-top: 30px !important;padding-right: 7px !important;padding-bottom: 30px !important;padding-left: 7px !important;background-color: #065ba1 !important;}&#8221;][vc_custom_heading text=&#8221;&#8221; font_container=&#8221;tag:h2|font_size:25|text_align:center|color:%23ffffff&#8221; use_theme_fonts=&#8221;yes&#8221; css=&#8221;.vc_custom_1597867446380{margin-top: -10px !important;padding-top: 10px !important;padding-right: 7px !important;padding-left: 7px !important;background-color: #065ba1 !important;}&#8221;][info_list_father connector_h=&#8221;0&#8243; listwidth=&#8221;0&#8243; listclr=&#8221;#444444&#8243; css=&#8221;.vc_custom_1597551370342{margin-top: -20px !important;padding-top: 20px !important;padding-right: 10px !important;padding-bottom: 40px !important;background-color: #ffffff !important;}&#8221;][info_list_son style=&#8221;icon&#8221; size=&#8221;15&#8243; width=&#8221;40&#8243; height=&#8221;40&#8243; titlesize=&#8221;15&#8243; titleclr=&#8221;#000000&#8243; icon=&#8221;fas fa-chevron-right&#8221; iconbg=&#8221;#1e73be&#8221; iconclr=&#8221;#ffffff&#8221; title=&#8221;ATELIER TH\u00c9\u00c2TRE ET COMMUNICATION&#8221;]Une m\u00e9thode cr\u00e9ative et efficace pour mieux communiquer en fran\u00e7ais.\u00a0Travail sur la prononciation et la diction.\u00a0Exercices pour utiliser la grammaire \u00e0 l\u2019oral.\u00a0Jeux d\u2019improvisation pour d\u00e9velopper le vocabulaire.\u00a0Techniques de communication pour s\u2019exprimer en fran\u00e7ais.\u00a0Mises en sc\u00e8ne de sketches pour s\u2019amuser en apprenant!\u00a0Ce cours est ouvert \u00e0 tous les \u00e9tudiants tous niveaux de fran\u00e7ais avec ou sans exp\u00e9rience du th\u00e9\u00e2tre.[\/info_list_son][info_list_son style=&#8221;icon&#8221; size=&#8221;15&#8243; width=&#8221;40&#8243; height=&#8221;40&#8243; titlesize=&#8221;15&#8243; titleclr=&#8221;#000000&#8243; icon=&#8221;fas fa-chevron-right&#8221; iconbg=&#8221;#1e73be&#8221; iconclr=&#8221;#ffffff&#8221; title=&#8221;ATELIER F\u00caTES ET TRADITIONS FRAN\u00c7AISES&#8221;]Venez d\u00e9couvrir quelques unes des plus importantes traditions fran\u00e7aises, l\u2019histoire des f\u00eates les plus populaires et comment elles sont c\u00e9l\u00e9br\u00e9es. Une excellente fa\u00e7on d\u2019en savoir plus sur la culture fran\u00e7aise.[\/info_list_son][info_list_son style=&#8221;icon&#8221; size=&#8221;15&#8243; width=&#8221;40&#8243; height=&#8221;40&#8243; titlesize=&#8221;15&#8243; titleclr=&#8221;#000000&#8243; icon=&#8221;fas fa-chevron-right&#8221; iconbg=&#8221;#1e73be&#8221; iconclr=&#8221;#ffffff&#8221; title=&#8221;ATELIER CONVERSATION&#8221;]Rejoignez notre atelier de conversation pour renforcer vos comp\u00e9tences \u00e0 l\u2019oral. Dans une atmosph\u00e8re d\u00e9tendue vous serez en mesure de vous exprimer spontan\u00e9ment en fran\u00e7ais. Un atelier dynamique adapt\u00e9 \u00e0 tous les niveaux.[\/info_list_son][info_list_son style=&#8221;icon&#8221; size=&#8221;15&#8243; width=&#8221;40&#8243; height=&#8221;40&#8243; titlesize=&#8221;15&#8243; titleclr=&#8221;#000000&#8243; icon=&#8221;fas fa-chevron-right&#8221; iconbg=&#8221;#1e73be&#8221; iconclr=&#8221;#ffffff&#8221; title=&#8221;ATELIER CHANSON FRAN\u00c7AISE&#8221;]Un voyage dans l\u2019histoire de la Chanson Fran\u00e7aise, ses grands chanteurs, les chansons marquantes et les classiques.[\/info_list_son][info_list_son style=&#8221;icon&#8221; size=&#8221;15&#8243; width=&#8221;40&#8243; height=&#8221;40&#8243; titlesize=&#8221;15&#8243; titleclr=&#8221;#000000&#8243; icon=&#8221;fas fa-chevron-right&#8221; iconbg=&#8221;#1e73be&#8221; iconclr=&#8221;#ffffff&#8221; title=&#8221;ATELIER PRONONCIATION&#8221;]Exercices ludiques de correction phon\u00e9tique, virelangues et chansons pour mieux percevoir le rythme et la m\u00e9lodie du fran\u00e7ais et rectifier votre prononciation.[\/info_list_son][info_list_son style=&#8221;icon&#8221; size=&#8221;15&#8243; width=&#8221;40&#8243; height=&#8221;40&#8243; titlesize=&#8221;15&#8243; titleclr=&#8221;#000000&#8243; icon=&#8221;fas fa-chevron-right&#8221; iconbg=&#8221;#1e73be&#8221; iconclr=&#8221;#ffffff&#8221; title=&#8221;ATELIER \u00c9CRITURE&#8221; caption_url=&#8221;&#8221;]Soyez plus \u00e0 l\u2019aise pour r\u00e9diger tous types de documents en perfectionnant votre orthographe et en adaptant l\u2019expression \u00e0 la sp\u00e9cificit\u00e9 du document.<\/p>\n<div id=\"gtx-trans\" style=\"position: absolute; left: -49px; top: -10px;\">\n<div class=\"gtx-trans-icon\"><\/div>\n<\/div>\n<p>[\/info_list_son][info_list_son style=&#8221;icon&#8221; size=&#8221;15&#8243; width=&#8221;40&#8243; height=&#8221;40&#8243; titlesize=&#8221;15&#8243; titleclr=&#8221;#000000&#8243; icon=&#8221;fas fa-chevron-right&#8221; iconbg=&#8221;#1e73be&#8221; iconclr=&#8221;#ffffff&#8221; title=&#8221;ATELIER HISTOIRE DE L\u2019ART&#8221;]Vous \u00eates plut\u00f4t \u2018Monet\u2019 ou \u2018Manet\u2019 ? ! ! ! D\u00e9couvrez les grands peintres fran\u00e7ais ainsi que tous les mus\u00e9es parisiens\u2026 et bien d\u2019autres!<\/p>\n<div id=\"gtx-trans\" style=\"position: absolute; left: -40px; top: -10px;\">\n<div class=\"gtx-trans-icon\"><\/div>\n<\/div>\n<p>[\/info_list_son][\/info_list_father][vc_custom_heading text=&#8221;Nous proposons inclus au Cours Intensif et Semi-Intensif un atelier Langue et Culture par semaine de 14h \u00e0 15h30, parmi les suivants : (le planning mensuel des ateliers est consultable au bureau ou en ligne &#8220;Activit\u00e9s &#8220;)&#8221; font_container=&#8221;tag:p|text_align:center&#8221; use_theme_fonts=&#8221;yes&#8221; css=&#8221;.vc_custom_1597871267775{margin-top: -35px !important;margin-bottom: -10px !important;padding-top: 35px !important;padding-bottom: 35px !important;padding-left: 15px !important;background-color: #ffffff !important;}&#8221;][\/vc_column_inner][\/vc_row_inner][\/vc_column][\/vc_row][vc_row css=&#8221;.vc_custom_1597551607383{margin-bottom: 34px !important;padding-right: 10px !important;}&#8221;][vc_column][vc_raw_html css=&#8221;.vc_custom_1597871649856{padding-bottom: 30px !important;background-color: #ffffff !important;}&#8221;]JTNDZGl2JTIwY2xhc3MlM0QlMjIlMjIlMjBzdHlsZSUzRCUyMnRleHQtYWxpZ24lM0FjZW50ZXIlM0IlMjIlM0UlMEElM0NhJTIwaHJlZiUzRCUyMmh0dHBzJTNBJTJGJTJGbGF0ZWxpZXI5LmNvbSUyRmJpZW52ZW51ZSUyRiUyMiUyMGNsYXNzJTNEJTIyYm90b24xJTIyJTNFUkVUT1VSJTNDJTJGYSUzRSUwQSUwQSUzQyUyRmRpdiUzRQ==[\/vc_raw_html]\n\t\t\t<!-- START Slider 2 REVOLUTION SLIDER 6.2.18 --><p class=\"rs-p-wp-fix\"><\/p>\n\t\t\t<rs-module-wrap id=\"rev_slider_2_1_wrapper\" data-source=\"gallery\" style=\"background:transparent;padding:0;margin:0px auto;margin-top:0;margin-bottom:0;\">\n\t\t\t\t<rs-module id=\"rev_slider_2_1\" style=\"\" data-version=\"6.2.18\">\n\t\t\t\t\t<rs-slides>\n\t\t\t\t\t\t<rs-slide data-key=\"rs-3\" data-title=\"Slide\" data-anim=\"ei:d;eo:d;s:1000;r:0;t:fade;sl:0;\">\n\t\t\t\t\t\t\t<img src=\"\/\/latelier9.com\/bienvenue\/wp-content\/plugins\/revslider\/public\/assets\/assets\/transparent.png\" alt=\"Slide\" title=\"ATELIERS\" class=\"rev-slidebg\" data-no-retina>\n<!--\n\t\t\t\t\t\t\t--><rs-layer\n\t\t\t\t\t\t\t\tid=\"slider-2-slide-3-layer-1\" \n\t\t\t\t\t\t\t\tdata-type=\"image\"\n\t\t\t\t\t\t\t\tdata-rsp_ch=\"on\"\n\t\t\t\t\t\t\t\tdata-xy=\"xo:-642px,-642px,-642px,-112px;yo:165px,165px,165px,350px;\"\n\t\t\t\t\t\t\t\tdata-text=\"w:normal;s:20,20,20,7;l:0,0,0,9;\"\n\t\t\t\t\t\t\t\tdata-dim=\"w:300px,300px,300px,271px;h:125px,125px,125px,113px;\"\n\t\t\t\t\t\t\t\tdata-frame_999=\"o:0;st:w;\"\n\t\t\t\t\t\t\t\tdata-loop_999=\"x:3000px;sp:99999;e:sine.inOut;yym:t;\"\n\t\t\t\t\t\t\t\tstyle=\"z-index:13;\"\n\t\t\t\t\t\t\t><img src=\"\/\/latelier9.com\/bienvenue\/contenido\/uploads\/2020\/08\/Recurso-7-1-nube.svg\" width=\"0\" height=\"0\" data-no-retina> \n\t\t\t\t\t\t\t<\/rs-layer><!--\n\n\t\t\t\t\t\t\t--><rs-layer\n\t\t\t\t\t\t\t\tid=\"slider-2-slide-3-layer-2\" \n\t\t\t\t\t\t\t\tdata-type=\"image\"\n\t\t\t\t\t\t\t\tdata-rsp_ch=\"on\"\n\t\t\t\t\t\t\t\tdata-xy=\"xo:-311px,-311px,-311px,256px;yo:28px,28px,28px,431px;\"\n\t\t\t\t\t\t\t\tdata-text=\"w:normal;s:20,20,20,7;l:0,0,0,9;\"\n\t\t\t\t\t\t\t\tdata-dim=\"w:['300px','300px','300px','300px'];h:['125px','125px','125px','125px'];\"\n\t\t\t\t\t\t\t\tdata-frame_999=\"o:0;st:w;\"\n\t\t\t\t\t\t\t\tdata-loop_999=\"x:3000px;sp:99999;st:1500;e:sine.inOut;yym:t;\"\n\t\t\t\t\t\t\t\tstyle=\"z-index:15;\"\n\t\t\t\t\t\t\t><img src=\"\/\/latelier9.com\/bienvenue\/contenido\/uploads\/2020\/08\/Recurso-7-1.svg\" width=\"0\" height=\"0\" data-no-retina> \n\t\t\t\t\t\t\t<\/rs-layer><!--\n\n\t\t\t\t\t\t\t--><rs-layer\n\t\t\t\t\t\t\t\tid=\"slider-2-slide-3-layer-3\" \n\t\t\t\t\t\t\t\tdata-type=\"image\"\n\t\t\t\t\t\t\t\tdata-rsp_ch=\"on\"\n\t\t\t\t\t\t\t\tdata-xy=\"x:c;xo:1px,1px,1px,-17px;y:b;yo:-8px,-8px,-8px,-4px;\"\n\t\t\t\t\t\t\t\tdata-text=\"w:normal;s:20,20,20,7;l:0,0,0,9;\"\n\t\t\t\t\t\t\t\tdata-dim=\"w:2049px,2049px,2049px,2072px;h:180px,180px,180px,182px;\"\n\t\t\t\t\t\t\t\tdata-frame_999=\"o:0;st:w;\"\n\t\t\t\t\t\t\t\tstyle=\"z-index:9;\"\n\t\t\t\t\t\t\t><img src=\"\/\/latelier9.com\/bienvenue\/contenido\/uploads\/2020\/08\/lista2Recurso-1blanco.png\" width=\"13845\" height=\"1216\" data-no-retina> \n\t\t\t\t\t\t\t<\/rs-layer><!--\n\n\t\t\t\t\t\t\t--><rs-layer\n\t\t\t\t\t\t\t\tid=\"slider-2-slide-3-layer-4\" \n\t\t\t\t\t\t\t\tdata-type=\"image\"\n\t\t\t\t\t\t\t\tdata-rsp_ch=\"on\"\n\t\t\t\t\t\t\t\tdata-xy=\"x:c;yo:5px,5px,5px,6px;\"\n\t\t\t\t\t\t\t\tdata-text=\"w:normal;s:20,20,20,7;l:0,0,0,9;\"\n\t\t\t\t\t\t\t\tdata-dim=\"w:193px,193px,193px,209px;h:330px,330px,330px,358px;\"\n\t\t\t\t\t\t\t\tdata-frame_999=\"o:0;st:w;\"\n\t\t\t\t\t\t\t\tstyle=\"z-index:8;\"\n\t\t\t\t\t\t\t><img src=\"\/\/latelier9.com\/bienvenue\/contenido\/uploads\/2024\/11\/Logo-Latelier-9-Color.png\" width=\"280\" height=\"480\" data-no-retina> \n\t\t\t\t\t\t\t<\/rs-layer><!--\n\n\t\t\t\t\t\t\t--><rs-layer\n\t\t\t\t\t\t\t\tid=\"slider-2-slide-3-layer-5\" \n\t\t\t\t\t\t\t\tdata-type=\"image\"\n\t\t\t\t\t\t\t\tdata-rsp_ch=\"on\"\n\t\t\t\t\t\t\t\tdata-xy=\"xo:547px,547px,547px,245px;yo:42px,42px,42px,21px;\"\n\t\t\t\t\t\t\t\tdata-text=\"w:normal;s:20,20,20,7;l:0,0,0,9;\"\n\t\t\t\t\t\t\t\tdata-dim=\"w:300px,300px,300px,293px;h:125px,125px,125px,122px;\"\n\t\t\t\t\t\t\t\tdata-frame_999=\"o:0;st:w;\"\n\t\t\t\t\t\t\t\tdata-loop_999=\"x:3000px;sp:99999;st:1500;e:sine.inOut;yym:t;\"\n\t\t\t\t\t\t\t\tstyle=\"z-index:14;\"\n\t\t\t\t\t\t\t><img src=\"\/\/latelier9.com\/bienvenue\/contenido\/uploads\/2020\/08\/Recurso-7-1.svg\" width=\"0\" height=\"0\" data-no-retina> \n\t\t\t\t\t\t\t<\/rs-layer><!--\n\n\t\t\t\t\t\t\t--><rs-layer\n\t\t\t\t\t\t\t\tid=\"slider-2-slide-3-layer-6\" \n\t\t\t\t\t\t\t\tdata-type=\"image\"\n\t\t\t\t\t\t\t\tdata-rsp_ch=\"on\"\n\t\t\t\t\t\t\t\tdata-xy=\"xo:120px,120px,120px,-311px;yo:144px,144px,144px,164px;\"\n\t\t\t\t\t\t\t\tdata-text=\"w:normal;s:20,20,20,7;l:0,0,0,9;\"\n\t\t\t\t\t\t\t\tdata-dim=\"w:300px,300px,300px,266px;h:125px,125px,125px,111px;\"\n\t\t\t\t\t\t\t\tdata-frame_999=\"o:0;st:w;\"\n\t\t\t\t\t\t\t\tdata-loop_999=\"x:3000px;sp:99999;st:1500;e:sine.inOut;yym:t;\"\n\t\t\t\t\t\t\t\tstyle=\"z-index:12;\"\n\t\t\t\t\t\t\t><img src=\"\/\/latelier9.com\/bienvenue\/contenido\/uploads\/2020\/08\/Recurso-7-1.svg\" width=\"0\" height=\"0\" data-no-retina> \n\t\t\t\t\t\t\t<\/rs-layer><!--\n\n\t\t\t\t\t\t\t--><rs-layer\n\t\t\t\t\t\t\t\tid=\"slider-2-slide-3-layer-7\" \n\t\t\t\t\t\t\t\tdata-type=\"image\"\n\t\t\t\t\t\t\t\tdata-rsp_ch=\"on\"\n\t\t\t\t\t\t\t\tdata-xy=\"x:c;xo:92px,92px,92px,102px;y:b;yo:120px,120px,120px,40px;\"\n\t\t\t\t\t\t\t\tdata-text=\"w:normal;s:20,20,20,7;l:0,0,0,9;\"\n\t\t\t\t\t\t\t\tdata-dim=\"w:150px,150px,150px,180px;h:213px,213px,213px,255px;\"\n\t\t\t\t\t\t\t\tdata-frame_999=\"o:0;st:w;\"\n\t\t\t\t\t\t\t\tstyle=\"z-index:11;\"\n\t\t\t\t\t\t\t><img src=\"\/\/latelier9.com\/bienvenue\/contenido\/uploads\/2025\/05\/ExcellenceAward-2025.webp\" width=\"407\" height=\"577\" data-no-retina> \n\t\t\t\t\t\t\t<\/rs-layer><!--\n\n\t\t\t\t\t\t\t--><rs-layer\n\t\t\t\t\t\t\t\tid=\"slider-2-slide-3-layer-8\" \n\t\t\t\t\t\t\t\tdata-type=\"image\"\n\t\t\t\t\t\t\t\tdata-rsp_ch=\"on\"\n\t\t\t\t\t\t\t\tdata-xy=\"x:c;xo:-107px,-107px,-107px,-87px;y:b;yo:120px,120px,120px,40px;\"\n\t\t\t\t\t\t\t\tdata-text=\"w:normal;s:20,20,20,7;l:0,0,0,9;\"\n\t\t\t\t\t\t\t\tdata-dim=\"w:150px,150px,150px,180px;h:213px,213px,213px,255px;\"\n\t\t\t\t\t\t\t\tdata-frame_999=\"o:0;st:w;\"\n\t\t\t\t\t\t\t\tstyle=\"z-index:10;\"\n\t\t\t\t\t\t\t><img src=\"\/\/latelier9.com\/bienvenue\/contenido\/uploads\/2024\/03\/ExcellenceAward.png\" width=\"379\" height=\"537\" data-no-retina> \n\t\t\t\t\t\t\t<\/rs-layer><!--\n-->\t\t\t\t\t\t<\/rs-slide>\n\t\t\t\t\t<\/rs-slides>\n\t\t\t\t<\/rs-module>\n\t\t\t\t<script type=\"text\/javascript\">\n\t\t\t\t\tsetREVStartSize({c: 'rev_slider_2_1',rl:[1240,1240,1240,480],el:[700,700,700,720],gw:[1240,1240,1240,480],gh:[700,700,700,720],type:'standard',justify:'',layout:'fullwidth',mh:\"0\"});\n\t\t\t\t\tvar\trevapi2,\n\t\t\t\t\t\ttpj;\n\t\t\t\t\tjQuery(function() {\n\t\t\t\t\t\ttpj = jQuery;\n\t\t\t\t\t\trevapi2 = tpj(\"#rev_slider_2_1\");\n\t\t\t\t\t\tif(revapi2==undefined || revapi2.revolution == undefined){\n\t\t\t\t\t\t\trevslider_showDoubleJqueryError(\"rev_slider_2_1\");\n\t\t\t\t\t\t}else{\n\t\t\t\t\t\t\trevapi2.revolution({\n\t\t\t\t\t\t\t\tsliderLayout:\"fullwidth\",\n\t\t\t\t\t\t\t\tvisibilityLevels:\"1240,1240,1240,480\",\n\t\t\t\t\t\t\t\tgridwidth:\"1240,1240,1240,480\",\n\t\t\t\t\t\t\t\tgridheight:\"700,700,700,720\",\n\t\t\t\t\t\t\t\tspinner:\"spinner0\",\n\t\t\t\t\t\t\t\tperspective:600,\n\t\t\t\t\t\t\t\tperspectiveType:\"global\",\n\t\t\t\t\t\t\t\teditorheight:\"700,768,960,720\",\n\t\t\t\t\t\t\t\tresponsiveLevels:\"1240,1240,1240,480\",\n\t\t\t\t\t\t\t\tprogressBar:{disableProgressBar:true},\n\t\t\t\t\t\t\t\tnavigation: {\n\t\t\t\t\t\t\t\t\tonHoverStop:false\n\t\t\t\t\t\t\t\t},\n\t\t\t\t\t\t\t\tfallbacks: {\n\t\t\t\t\t\t\t\t\tallowHTML5AutoPlayOnAndroid:true\n\t\t\t\t\t\t\t\t},\n\t\t\t\t\t\t\t});\n\t\t\t\t\t\t}\n\t\t\t\t\t\t\n\t\t\t\t\t});\n\t\t\t\t<\/script>\n\t\t\t<\/rs-module-wrap>\n\t\t\t<!-- END REVOLUTION SLIDER -->\n[\/vc_column][\/vc_row]<\/p>\n","protected":false},"excerpt":{"rendered":"<p>[vc_row css=&#8221;.vc_custom_1597867566741{margin-top: -20px !important;padding-right: 10px !important;}&#8221;][vc_column][vc_row_inner][vc_column_inner][vc_custom_heading text=&#8221;Ateliers langue et culture&#8221; font_container=&#8221;tag:h2|font_size:25|text_align:center|color:%23ffffff&#8221; use_theme_fonts=&#8221;yes&#8221; css=&#8221;.vc_custom_1597871597531{margin-top: 15px !important;padding-top: 30px !important;padding-right: 7px !important;padding-bottom: 30px !important;padding-left: 7px !important;background-color: #065ba1 !important;}&#8221;][vc_custom_heading text=&#8221;&#8221; font_container=&#8221;tag:h2|font_size:25|text_align:center|color:%23ffffff&#8221; use_theme_fonts=&#8221;yes&#8221; css=&#8221;.vc_custom_1597867446380{margin-top: -10px !important;padding-top: 10px !important;padding-right: 7px !important;padding-left: 7px !important;background-color: #065ba1 !important;}&#8221;][info_list_father connector_h=&#8221;0&#8243; listwidth=&#8221;0&#8243; listclr=&#8221;#444444&#8243; css=&#8221;.vc_custom_1597551370342{margin-top: -20px !important;padding-top: 20px !important;padding-right: 10px !important;padding-bottom: 40px !important;background-color: #ffffff !important;}&#8221;][info_list_son style=&#8221;icon&#8221; size=&#8221;15&#8243; [&hellip;]<\/p>\n","protected":false},"author":1,"featured_media":0,"parent":0,"menu_order":0,"comment_status":"closed","ping_status":"closed","template":"","meta":{"slim_seo":{"title":"ATELIERS - Latelier9","description":"[vc_row css=\".vc_custom_1597867566741{margin-top: -20px !important;padding-right: 10px !important;}\"][vc_column][vc_row_inner][vc_column_inner][vc_custom_headin"}},"_links":{"self":[{"href":"https:\/\/latelier9.com\/bienvenue\/wp-json\/wp\/v2\/pages\/342"}],"collection":[{"href":"https:\/\/latelier9.com\/bienvenue\/wp-json\/wp\/v2\/pages"}],"about":[{"href":"https:\/\/latelier9.com\/bienvenue\/wp-json\/wp\/v2\/types\/page"}],"author":[{"embeddable":true,"href":"https:\/\/latelier9.com\/bienvenue\/wp-json\/wp\/v2\/users\/1"}],"replies":[{"embeddable":true,"href":"https:\/\/latelier9.com\/bienvenue\/wp-json\/wp\/v2\/comments?post=342"}],"version-history":[{"count":30,"href":"https:\/\/latelier9.com\/bienvenue\/wp-json\/wp\/v2\/pages\/342\/revisions"}],"predecessor-version":[{"id":656,"href":"https:\/\/latelier9.com\/bienvenue\/wp-json\/wp\/v2\/pages\/342\/revisions\/656"}],"wp:attachment":[{"href":"https:\/\/latelier9.com\/bienvenue\/wp-json\/wp\/v2\/media?parent=342"}],"curies":[{"name":"wp","href":"https:\/\/api.w.org\/{rel}","templated":true}]}}