{"id":626,"date":"2021-07-23T19:34:32","date_gmt":"2021-07-23T19:34:32","guid":{"rendered":"https:\/\/latelier9.com\/bienvenido\/condiciones-de-inscripcion-y-de-pago-copy\/"},"modified":"2021-07-23T20:35:10","modified_gmt":"2021-07-23T20:35:10","slug":"avis-relatif-a-la-collecte-et-traitement-des-donnees-personnelles","status":"publish","type":"page","link":"https:\/\/latelier9.com\/bienvenido\/avis-relatif-a-la-collecte-et-traitement-des-donnees-personnelles\/","title":{"rendered":"Avis relatif \u00e0 la collecte et traitement des donn\u00e9es personnelles"},"content":{"rendered":"<p>[vc_row css=&#8221;.vc_custom_1597550966433{padding-right: 10px !important;}&#8221;][vc_column][vc_row_inner][vc_column_inner][vc_custom_heading source=&#8221;post_title&#8221; font_container=&#8221;tag:h2|font_size:25|text_align:center|color:%23ffffff&#8221; use_theme_fonts=&#8221;yes&#8221; css=&#8221;.vc_custom_1627069122546{padding-top: 30px !important;padding-right: 7px !important;padding-bottom: 40px !important;padding-left: 7px !important;background-color: #065ba1 !important;}&#8221;][info_list_father connector_h=&#8221;0&#8243; listwidth=&#8221;0&#8243; listclr=&#8221;#444444&#8243; css=&#8221;.vc_custom_1627070708010{margin-top: -20px !important;padding-top: 20px !important;padding-right: 40px !important;padding-bottom: 40px !important;padding-left: 0px !important;background-color: #ffffff !important;}&#8221;][info_list_son style=&#8221;icon&#8221; size=&#8221;0&#8243; width=&#8221;25&#8243; height=&#8221;10&#8243; titlesize=&#8221;15&#8243; titleclr=&#8221;#1e73be&#8221; icon=&#8221;far fa-arrow-alt-circle-right&#8221; iconbg=&#8221;#ffffff&#8221; iconclr=&#8221;#ffffff&#8221; lineheight=&#8221;3&#8243;]SARL l\u2019Atelier 9 sise 34 rue de Tr\u00e9vise, 75009 Paris, est un organisme de formation linguistique de Fran\u00e7ais et d\u2019Espagnol destin\u00e9e \u00e0 un public essentiellement adulte.<br \/>\nAfin de satisfaire aux demandes d\u2019information et\/ou d\u2019inscriptions de nos potentiels clients**\/ \u00e9tudiants**, l\u2019Atelier 9 \u00a0est amen\u00e9e \u00e0 collecter des donn\u00e9es personnelles en se limitant au stricte n\u00e9cessaire afin de fournir le service ad\u00e9quat.[\/info_list_son][info_list_son style=&#8221;icon&#8221; size=&#8221;0&#8243; width=&#8221;25&#8243; height=&#8221;10&#8243; titlesize=&#8221;15&#8243; titleclr=&#8221;#1e73be&#8221; icon=&#8221;far fa-arrow-alt-circle-right&#8221; iconbg=&#8221;#ffffff&#8221; iconclr=&#8221;#ffffff&#8221; lineheight=&#8221;2&#8243; title=&#8221;Type de donn\u00e9es que nous collectons&#8221;]Lors de la demande d\u2019information, nous collectons les donn\u00e9es suivantes:<\/p>\n<ul>\n<li>Nom et pr\u00e9nom.<\/li>\n<li>Date de naissance.<\/li>\n<li>Email<\/li>\n<li>N\u00b0 de t\u00e9l\u00e9phone<\/li>\n<li>Adresse et pays de r\u00e9sidence<\/li>\n<li>Dates de cours souhait\u00e9es<br \/>\nUn test d\u2019\u00e9valuation g\u00e9n\u00e9rale afin de d\u00e9terminer le niveau linguistique est envoy\u00e9 mais aucune information personnelle n\u2019est collect\u00e9e.<\/li>\n<\/ul>\n<p>[\/info_list_son][info_list_son style=&#8221;icon&#8221; size=&#8221;0&#8243; width=&#8221;25&#8243; height=&#8221;10&#8243; titlesize=&#8221;15&#8243; titleclr=&#8221;#1e73be&#8221; icon=&#8221;far fa-arrow-alt-circle-right&#8221; iconbg=&#8221;#ffffff&#8221; iconclr=&#8221;#ffffff&#8221; lineheight=&#8221;3&#8243; title=&#8221;Donn\u00e9es \u00e0 caract\u00e8re sensibles&#8221;]<strong>L\u2019Atelier 9 ne collecte aucune donn\u00e9e \u00e0 caract\u00e8re sensible<\/strong>: Ethnie, orientation sexuelle, religion, \u00a0statut m\u00e9dical ou autres.[\/info_list_son][info_list_son style=&#8221;icon&#8221; size=&#8221;0&#8243; width=&#8221;25&#8243; height=&#8221;10&#8243; titlesize=&#8221;15&#8243; titleclr=&#8221;#1e73be&#8221; icon=&#8221;far fa-arrow-alt-circle-right&#8221; iconbg=&#8221;#ffffff&#8221; iconclr=&#8221;#ffffff&#8221; lineheight=&#8221;3&#8243; title=&#8221;Paiements des cours&#8221;]Lorsque l\u2019\u00e9tudiant confirme sa demande d\u2019inscription ; il lui est demand\u00e9 de verser un acompte afin de garantir sa place. (Il a aussi la possibilit\u00e9 de payer l\u2019int\u00e9gralit\u00e9 du cours)\u00a0Le paiement s\u2019effectue soit par virement bancaire soit par paiement en ligne via Pay-Pal (en cas de virement bancaire, l\u2019Atelier 9 transmettra ses coordonn\u00e9es bancaires)\u00a0En cas de versement partiel, le compl\u00e9ment peut \u00eatre pay\u00e9 sur place par carte bleue.[\/info_list_son][info_list_son style=&#8221;icon&#8221; size=&#8221;0&#8243; width=&#8221;25&#8243; height=&#8221;10&#8243; titlesize=&#8221;15&#8243; titleclr=&#8221;#1e73be&#8221; icon=&#8221;far fa-arrow-alt-circle-right&#8221; iconbg=&#8221;#ffffff&#8221; iconclr=&#8221;#ffffff&#8221; lineheight=&#8221;3&#8243; title=&#8221;Remboursement&#8221;]En cas de remboursement suite \u00e0 l&#8217;annulation de la part de l&#8217;\u00e9tudiant (en conformit\u00e9 avec nos termes et conditions), l&#8217;\u00e9tudiant peut nous transmettre son IBAN ou coordonn\u00e9es bancaires par email. Celles-ci sont saisies sur la plateforme de la banque afin de proc\u00e9der au remboursement. Une fois l&#8217;op\u00e9ration finalis\u00e9e, l\u2019IBAN est supprim\u00e9 du site bancaire et l\u2019email est d\u00e9truit imm\u00e9diatement.\u00a0 L\u2019Atelier 9 ne conserve aucune donn\u00e9e bancaire dans son syst\u00e8me.[\/info_list_son][info_list_son style=&#8221;icon&#8221; size=&#8221;0&#8243; width=&#8221;25&#8243; height=&#8221;10&#8243; titlesize=&#8221;15&#8243; titleclr=&#8221;#1e73be&#8221; icon=&#8221;far fa-arrow-alt-circle-right&#8221; iconbg=&#8221;#ffffff&#8221; iconclr=&#8221;#ffffff&#8221; lineheight=&#8221;3&#8243; title=&#8221;Partages des donn\u00e9es&#8221;]Dans le cadre de sa politique de service client et uniquement \u00e0 la demande de l\u2019int\u00e9ress\u00e9, l\u2019Atelier 9 propose la mise en relation avec des organismes logeurs.<br \/>\nL\u2019Atelier 9 transmet alors le nom, pr\u00e9nom, email, date de s\u00e9jour et type de logement souhait\u00e9 (chambre chez l\u2019habitant ou ind\u00e9pendant) \u00e0 l\u2019organisme. Celui-ci se chargera de la gestion de la demande de l\u2019\u00e9tudiant.<br \/>\nCe service est propos\u00e9 \u00e0 titre\u00a0 gratuit par l\u2019Atelier 9 et donc ne re\u00e7oit ni paiement ni commission de la part de l\u2019\u00e9tudiant ou de l\u2019organisme logeur.[\/info_list_son][info_list_son style=&#8221;icon&#8221; size=&#8221;0&#8243; width=&#8221;25&#8243; height=&#8221;10&#8243; titlesize=&#8221;15&#8243; titleclr=&#8221;#1e73be&#8221; icon=&#8221;far fa-arrow-alt-circle-right&#8221; iconbg=&#8221;#ffffff&#8221; iconclr=&#8221;#ffffff&#8221; lineheight=&#8221;3&#8243; title=&#8221;Cookies&#8221; caption_url=&#8221;&#8221;]Notre site web utilise des cookies afin de fournir une meilleure exp\u00e9rience \u00e0 l\u2019utilisateur. <a role='button' tabindex='0' class=\"medium cli-plugin-button cli-plugin-main-button cli_settings_button\">Cookie Settings<\/a>[\/info_list_son][info_list_son style=&#8221;icon&#8221; size=&#8221;0&#8243; width=&#8221;25&#8243; height=&#8221;10&#8243; titlesize=&#8221;15&#8243; titleclr=&#8221;#1e73be&#8221; icon=&#8221;far fa-arrow-alt-circle-right&#8221; iconbg=&#8221;#ffffff&#8221; iconclr=&#8221;#ffffff&#8221; lineheight=&#8221;3&#8243; title=&#8221;Droit d\u2019acc\u00e8s et contact&#8221; caption_url=&#8221;&#8221;]Tout \u00e9tudiant inscrit \u00e0 la possibilit\u00e9 d\u2019exercer ses droit d\u2019annulation, rectification ou d\u2019opposition en nous contactant par email: <a href=\"mailto:contact@latelier9.fr\">contact@latelier9.fr<\/a><\/p>\n<p><span style=\"color: #c40202;\"><strong>** le pronom et termes \u00ab il, client ou \u00e9tudiant \u00bb \u00a0sont utilis\u00e9s de fa\u00e7on inclusive et g\u00e9n\u00e9rique. Ils d\u00e9signent toute personne d\u00e9sirant s&#8217;inscrire ind\u00e9pendamment de son genre ou identit\u00e9.<\/strong><\/span>[\/info_list_son][\/info_list_father][\/vc_column_inner][\/vc_row_inner][\/vc_column][\/vc_row][vc_row css=&#8221;.vc_custom_1597551607383{margin-bottom: 34px !important;padding-right: 10px !important;}&#8221;][vc_column][vc_raw_html css=&#8221;.vc_custom_1597768162600{padding-bottom: 30px !important;background-color: #ffffff !important;}&#8221;]JTNDZGl2JTIwY2xhc3MlM0QlMjIlMjIlMjBzdHlsZSUzRCUyMnRleHQtYWxpZ24lM0FjZW50ZXIlM0IlMjIlM0UlMEElM0NhJTIwaHJlZiUzRCUyMmh0dHBzJTNBJTJGJTJGbGF0ZWxpZXI5LmNvbSUyRmJpZW52ZW5pZG8lMkYlMjIlMjBjbGFzcyUzRCUyMmJvdG9uMSUyMiUzRVJFR1JFU0FSJTNDJTJGYSUzRSUwQSUwQSUzQyUyRmRpdiUzRQ==[\/vc_raw_html]\n\t\t\t<!-- START Slider 2 REVOLUTION SLIDER 6.2.18 --><p class=\"rs-p-wp-fix\"><\/p>\n\t\t\t<rs-module-wrap id=\"rev_slider_2_1_wrapper\" data-source=\"gallery\" style=\"background:transparent;padding:0;margin:0px auto;margin-top:0;margin-bottom:0;\">\n\t\t\t\t<rs-module id=\"rev_slider_2_1\" style=\"\" data-version=\"6.2.18\">\n\t\t\t\t\t<rs-slides>\n\t\t\t\t\t\t<rs-slide data-key=\"rs-3\" data-title=\"Slide\" data-anim=\"ei:d;eo:d;s:1000;r:0;t:fade;sl:0;\">\n\t\t\t\t\t\t\t<img src=\"\/\/latelier9.com\/bienvenido\/wp-content\/plugins\/revslider\/public\/assets\/assets\/transparent.png\" alt=\"Slide\" title=\"Avis relatif \u00e0 la collecte et traitement des donn\u00e9es personnelles\" class=\"rev-slidebg\" data-no-retina>\n<!--\n\t\t\t\t\t\t\t--><rs-layer\n\t\t\t\t\t\t\t\tid=\"slider-2-slide-3-layer-1\" \n\t\t\t\t\t\t\t\tdata-type=\"image\"\n\t\t\t\t\t\t\t\tdata-rsp_ch=\"on\"\n\t\t\t\t\t\t\t\tdata-xy=\"xo:-642px,-642px,-642px,-249px;yo:165px,165px,165px,386px;\"\n\t\t\t\t\t\t\t\tdata-text=\"w:normal;s:20,20,20,7;l:0,0,0,9;\"\n\t\t\t\t\t\t\t\tdata-dim=\"w:300px,300px,300px,322px;h:125px,125px,125px,134px;\"\n\t\t\t\t\t\t\t\tdata-frame_999=\"o:0;st:w;\"\n\t\t\t\t\t\t\t\tdata-loop_999=\"x:3000px;sp:99999;e:sine.inOut;yym:t;\"\n\t\t\t\t\t\t\t\tstyle=\"z-index:12;\"\n\t\t\t\t\t\t\t><img src=\"\/\/latelier9.com\/bienvenido\/wp-content\/uploads\/2020\/08\/Recurso-7-1-nube.svg\" width=\"0\" height=\"0\" data-no-retina> \n\t\t\t\t\t\t\t<\/rs-layer><!--\n\n\t\t\t\t\t\t\t--><rs-layer\n\t\t\t\t\t\t\t\tid=\"slider-2-slide-3-layer-2\" \n\t\t\t\t\t\t\t\tdata-type=\"image\"\n\t\t\t\t\t\t\t\tdata-rsp_ch=\"on\"\n\t\t\t\t\t\t\t\tdata-xy=\"xo:-311px,-311px,-311px,266px;yo:28px,28px,28px,389px;\"\n\t\t\t\t\t\t\t\tdata-text=\"w:normal;s:20,20,20,7;l:0,0,0,9;\"\n\t\t\t\t\t\t\t\tdata-dim=\"w:300px,300px,300px,307px;h:125px,125px,125px,128px;\"\n\t\t\t\t\t\t\t\tdata-frame_999=\"o:0;st:w;\"\n\t\t\t\t\t\t\t\tdata-loop_999=\"x:3000px;sp:99999;st:1500;e:sine.inOut;yym:t;\"\n\t\t\t\t\t\t\t\tstyle=\"z-index:15;\"\n\t\t\t\t\t\t\t><img src=\"\/\/latelier9.com\/bienvenido\/wp-content\/uploads\/2020\/08\/Recurso-7-1.svg\" width=\"0\" height=\"0\" data-no-retina> \n\t\t\t\t\t\t\t<\/rs-layer><!--\n\n\t\t\t\t\t\t\t--><rs-layer\n\t\t\t\t\t\t\t\tid=\"slider-2-slide-3-layer-3\" \n\t\t\t\t\t\t\t\tdata-type=\"image\"\n\t\t\t\t\t\t\t\tdata-rsp_ch=\"on\"\n\t\t\t\t\t\t\t\tdata-xy=\"x:c;xo:1px,1px,1px,0;y:b;yo:-8px,-8px,-8px,-2px;\"\n\t\t\t\t\t\t\t\tdata-text=\"w:normal;s:20,20,20,7;l:0,0,0,9;\"\n\t\t\t\t\t\t\t\tdata-dim=\"w:2049px,2049px,2049px,1924px;h:180px,180px,180px,169px;\"\n\t\t\t\t\t\t\t\tdata-frame_999=\"o:0;st:w;\"\n\t\t\t\t\t\t\t\tstyle=\"z-index:9;\"\n\t\t\t\t\t\t\t><img src=\"\/\/latelier9.com\/bienvenido\/wp-content\/uploads\/2020\/08\/lista2Recurso-1blanco.png\" width=\"13845\" height=\"1216\" data-no-retina> \n\t\t\t\t\t\t\t<\/rs-layer><!--\n\n\t\t\t\t\t\t\t--><rs-layer\n\t\t\t\t\t\t\t\tid=\"slider-2-slide-3-layer-4\" \n\t\t\t\t\t\t\t\tdata-type=\"image\"\n\t\t\t\t\t\t\t\tdata-rsp_ch=\"on\"\n\t\t\t\t\t\t\t\tdata-xy=\"x:c;xo:0,0,0,6px;yo:5px,5px,5px,13px;\"\n\t\t\t\t\t\t\t\tdata-text=\"w:normal;s:20,20,20,7;l:0,0,0,9;\"\n\t\t\t\t\t\t\t\tdata-dim=\"w:211px,211px,211px,215px;h:361px,361px,361px,369px;\"\n\t\t\t\t\t\t\t\tdata-frame_999=\"o:0;st:w;\"\n\t\t\t\t\t\t\t\tstyle=\"z-index:8;\"\n\t\t\t\t\t\t\t><img src=\"\/\/latelier9.com\/bienvenido\/wp-content\/uploads\/2024\/11\/Logo-Latelier-9-Color.png\" width=\"280\" height=\"480\" data-no-retina> \n\t\t\t\t\t\t\t<\/rs-layer><!--\n\n\t\t\t\t\t\t\t--><rs-layer\n\t\t\t\t\t\t\t\tid=\"slider-2-slide-3-layer-5\" \n\t\t\t\t\t\t\t\tdata-type=\"image\"\n\t\t\t\t\t\t\t\tdata-rsp_ch=\"on\"\n\t\t\t\t\t\t\t\tdata-xy=\"xo:547px,547px,547px,211px;yo:42px,42px,42px,15px;\"\n\t\t\t\t\t\t\t\tdata-text=\"w:normal;s:20,20,20,7;l:0,0,0,9;\"\n\t\t\t\t\t\t\t\tdata-dim=\"w:300px,300px,300px,326px;h:125px,125px,125px,136px;\"\n\t\t\t\t\t\t\t\tdata-frame_999=\"o:0;st:w;\"\n\t\t\t\t\t\t\t\tdata-loop_999=\"x:3000px;sp:99999;st:1500;e:sine.inOut;yym:t;\"\n\t\t\t\t\t\t\t\tstyle=\"z-index:14;\"\n\t\t\t\t\t\t\t><img src=\"\/\/latelier9.com\/bienvenido\/wp-content\/uploads\/2020\/08\/Recurso-7-1.svg\" width=\"0\" height=\"0\" data-no-retina> \n\t\t\t\t\t\t\t<\/rs-layer><!--\n\n\t\t\t\t\t\t\t--><rs-layer\n\t\t\t\t\t\t\t\tid=\"slider-2-slide-3-layer-6\" \n\t\t\t\t\t\t\t\tdata-type=\"image\"\n\t\t\t\t\t\t\t\tdata-rsp_ch=\"on\"\n\t\t\t\t\t\t\t\tdata-xy=\"xo:120px,120px,120px,-163px;yo:144px,144px,144px,156px;\"\n\t\t\t\t\t\t\t\tdata-text=\"w:normal;s:20,20,20,7;l:0,0,0,9;\"\n\t\t\t\t\t\t\t\tdata-dim=\"w:300px,300px,300px,274px;h:125px,125px,125px,114px;\"\n\t\t\t\t\t\t\t\tdata-frame_999=\"o:0;st:w;\"\n\t\t\t\t\t\t\t\tdata-loop_999=\"x:3000px;sp:99999;st:1500;e:sine.inOut;yym:t;\"\n\t\t\t\t\t\t\t\tstyle=\"z-index:13;\"\n\t\t\t\t\t\t\t><img src=\"\/\/latelier9.com\/bienvenido\/wp-content\/uploads\/2020\/08\/Recurso-7-1.svg\" width=\"0\" height=\"0\" data-no-retina> \n\t\t\t\t\t\t\t<\/rs-layer><!--\n\n\t\t\t\t\t\t\t--><rs-layer\n\t\t\t\t\t\t\t\tid=\"slider-2-slide-3-layer-7\" \n\t\t\t\t\t\t\t\tdata-type=\"image\"\n\t\t\t\t\t\t\t\tdata-rsp_ch=\"on\"\n\t\t\t\t\t\t\t\tdata-xy=\"x:c;xo:80px,80px,80px,105px;y:b;yo:90px,90px,90px,40px;\"\n\t\t\t\t\t\t\t\tdata-text=\"w:normal;s:20,20,20,7;l:0,0,0,9;\"\n\t\t\t\t\t\t\t\tdata-dim=\"w:150px,150px,150px,180px;h:213px,213px,213px,255px;\"\n\t\t\t\t\t\t\t\tdata-frame_999=\"o:0;st:w;\"\n\t\t\t\t\t\t\t\tstyle=\"z-index:11;\"\n\t\t\t\t\t\t\t><img src=\"\/\/latelier9.com\/bienvenido\/wp-content\/uploads\/2025\/05\/ExcellenceAward-2025.webp\" width=\"407\" height=\"577\" data-no-retina> \n\t\t\t\t\t\t\t<\/rs-layer><!--\n\n\t\t\t\t\t\t\t--><rs-layer\n\t\t\t\t\t\t\t\tid=\"slider-2-slide-3-layer-8\" \n\t\t\t\t\t\t\t\tdata-type=\"image\"\n\t\t\t\t\t\t\t\tdata-rsp_ch=\"on\"\n\t\t\t\t\t\t\t\tdata-xy=\"x:c;xo:-85px,-85px,-85px,-95px;y:b;yo:90px,90px,90px,40px;\"\n\t\t\t\t\t\t\t\tdata-text=\"w:normal;s:20,20,20,7;l:0,0,0,9;\"\n\t\t\t\t\t\t\t\tdata-dim=\"w:150px,150px,150px,180px;h:213px,213px,213px,255px;\"\n\t\t\t\t\t\t\t\tdata-frame_999=\"o:0;st:w;\"\n\t\t\t\t\t\t\t\tstyle=\"z-index:10;\"\n\t\t\t\t\t\t\t><img src=\"\/\/latelier9.com\/bienvenido\/wp-content\/uploads\/2024\/03\/ExcellenceAward.png\" width=\"379\" height=\"537\" data-no-retina> \n\t\t\t\t\t\t\t<\/rs-layer><!--\n-->\t\t\t\t\t\t<\/rs-slide>\n\t\t\t\t\t<\/rs-slides>\n\t\t\t\t<\/rs-module>\n\t\t\t\t<script type=\"text\/javascript\">\n\t\t\t\t\tsetREVStartSize({c: 'rev_slider_2_1',rl:[1240,1240,1240,480],el:[700,700,700,720],gw:[1240,1240,1240,480],gh:[700,700,700,720],type:'standard',justify:'',layout:'fullwidth',mh:\"0\"});\n\t\t\t\t\tvar\trevapi2,\n\t\t\t\t\t\ttpj;\n\t\t\t\t\tjQuery(function() {\n\t\t\t\t\t\ttpj = jQuery;\n\t\t\t\t\t\trevapi2 = tpj(\"#rev_slider_2_1\");\n\t\t\t\t\t\tif(revapi2==undefined || revapi2.revolution == undefined){\n\t\t\t\t\t\t\trevslider_showDoubleJqueryError(\"rev_slider_2_1\");\n\t\t\t\t\t\t}else{\n\t\t\t\t\t\t\trevapi2.revolution({\n\t\t\t\t\t\t\t\tsliderLayout:\"fullwidth\",\n\t\t\t\t\t\t\t\tvisibilityLevels:\"1240,1240,1240,480\",\n\t\t\t\t\t\t\t\tgridwidth:\"1240,1240,1240,480\",\n\t\t\t\t\t\t\t\tgridheight:\"700,700,700,720\",\n\t\t\t\t\t\t\t\tspinner:\"spinner0\",\n\t\t\t\t\t\t\t\tperspective:600,\n\t\t\t\t\t\t\t\tperspectiveType:\"global\",\n\t\t\t\t\t\t\t\teditorheight:\"700,768,314,720\",\n\t\t\t\t\t\t\t\tresponsiveLevels:\"1240,1240,1240,480\",\n\t\t\t\t\t\t\t\tprogressBar:{disableProgressBar:true},\n\t\t\t\t\t\t\t\tnavigation: {\n\t\t\t\t\t\t\t\t\tonHoverStop:false\n\t\t\t\t\t\t\t\t},\n\t\t\t\t\t\t\t\tfallbacks: {\n\t\t\t\t\t\t\t\t\tallowHTML5AutoPlayOnAndroid:true\n\t\t\t\t\t\t\t\t},\n\t\t\t\t\t\t\t});\n\t\t\t\t\t\t}\n\t\t\t\t\t\t\n\t\t\t\t\t});\n\t\t\t\t<\/script>\n\t\t\t<\/rs-module-wrap>\n\t\t\t<!-- END REVOLUTION SLIDER -->\n[\/vc_column][\/vc_row]<\/p>\n","protected":false},"excerpt":{"rendered":"<p>[vc_row css=&#8221;.vc_custom_1597550966433{padding-right: 10px !important;}&#8221;][vc_column][vc_row_inner][vc_column_inner][vc_custom_heading source=&#8221;post_title&#8221; font_container=&#8221;tag:h2|font_size:25|text_align:center|color:%23ffffff&#8221; use_theme_fonts=&#8221;yes&#8221; css=&#8221;.vc_custom_1627069122546{padding-top: 30px !important;padding-right: 7px !important;padding-bottom: 40px !important;padding-left: 7px !important;background-color: #065ba1 !important;}&#8221;][info_list_father connector_h=&#8221;0&#8243; listwidth=&#8221;0&#8243; listclr=&#8221;#444444&#8243; css=&#8221;.vc_custom_1627070708010{margin-top: -20px !important;padding-top: 20px !important;padding-right: 40px !important;padding-bottom: 40px !important;padding-left: 0px !important;background-color: #ffffff !important;}&#8221;][info_list_son style=&#8221;icon&#8221; size=&#8221;0&#8243; width=&#8221;25&#8243; height=&#8221;10&#8243; titlesize=&#8221;15&#8243; titleclr=&#8221;#1e73be&#8221; icon=&#8221;far fa-arrow-alt-circle-right&#8221; iconbg=&#8221;#ffffff&#8221; iconclr=&#8221;#ffffff&#8221; lineheight=&#8221;3&#8243;]SARL l\u2019Atelier 9 sise 34 rue de Tr\u00e9vise, 75009 Paris, est [&hellip;]<\/p>\n","protected":false},"author":1,"featured_media":0,"parent":0,"menu_order":0,"comment_status":"closed","ping_status":"closed","template":"","meta":[],"_links":{"self":[{"href":"https:\/\/latelier9.com\/bienvenido\/wp-json\/wp\/v2\/pages\/626"}],"collection":[{"href":"https:\/\/latelier9.com\/bienvenido\/wp-json\/wp\/v2\/pages"}],"about":[{"href":"https:\/\/latelier9.com\/bienvenido\/wp-json\/wp\/v2\/types\/page"}],"author":[{"embeddable":true,"href":"https:\/\/latelier9.com\/bienvenido\/wp-json\/wp\/v2\/users\/1"}],"replies":[{"embeddable":true,"href":"https:\/\/latelier9.com\/bienvenido\/wp-json\/wp\/v2\/comments?post=626"}],"version-history":[{"count":7,"href":"https:\/\/latelier9.com\/bienvenido\/wp-json\/wp\/v2\/pages\/626\/revisions"}],"predecessor-version":[{"id":628,"href":"https:\/\/latelier9.com\/bienvenido\/wp-json\/wp\/v2\/pages\/626\/revisions\/628"}],"wp:attachment":[{"href":"https:\/\/latelier9.com\/bienvenido\/wp-json\/wp\/v2\/media?parent=626"}],"curies":[{"name":"wp","href":"https:\/\/api.w.org\/{rel}","templated":true}]}}