{"id":441,"date":"2020-08-16T21:27:34","date_gmt":"2020-08-16T21:27:34","guid":{"rendered":"https:\/\/latelier9.com\/bienvenido\/alojamiento-copy\/"},"modified":"2020-08-18T16:30:03","modified_gmt":"2020-08-18T16:30:03","slug":"nuestro-metodo","status":"publish","type":"page","link":"https:\/\/latelier9.com\/bienvenido\/nuestro-metodo\/","title":{"rendered":"Nuestro M\u00e9todo"},"content":{"rendered":"<p>[vc_row][vc_column][vc_row_inner css=&#8221;.vc_custom_1597614827235{padding-right: 10px !important;}&#8221;][vc_column_inner][vc_single_image image=&#8221;459&#8243; img_size=&#8221;full&#8221; css=&#8221;.vc_custom_1597616960264{margin-bottom: -10px !important;}&#8221;][vc_custom_heading text=&#8221;M\u00c9TODO DE ESTUDIO&#8221; font_container=&#8221;tag:h2|font_size:25|text_align:center|color:%23ffffff&#8221; use_theme_fonts=&#8221;yes&#8221; css=&#8221;.vc_custom_1597615264717{padding-top: 30px !important;padding-right: 7px !important;padding-left: 7px !important;background-color: #065ba1 !important;}&#8221;][vc_custom_heading text=&#8221;M\u00e1ximo 9 alumnos por grupo: \u00a1ese es el secreto de un aprendizaje eficaz y un ambiente agradable!&#8221; font_container=&#8221;tag:p|font_size:16|text_align:center|color:%23ffffff&#8221; use_theme_fonts=&#8221;yes&#8221; css=&#8221;.vc_custom_1597613306895{margin-top: -9px !important;border-bottom-width: 3px !important;padding-top: 20px !important;padding-right: 7px !important;padding-bottom: 20px !important;padding-left: 7px !important;background-color: #065ba1 !important;border-bottom-color: #528cbf !important;border-bottom-style: solid !important;}&#8221;][info_list_father connector_h=&#8221;0&#8243; listwidth=&#8221;0&#8243; listclr=&#8221;#444444&#8243; css=&#8221;.vc_custom_1597551370342{margin-top: -20px !important;padding-top: 20px !important;padding-right: 10px !important;padding-bottom: 40px !important;background-color: #ffffff !important;}&#8221;][info_list_son style=&#8221;icon&#8221; size=&#8221;15&#8243; width=&#8221;40&#8243; height=&#8221;40&#8243; titlesize=&#8221;15&#8243; titleclr=&#8221;#000000&#8243; icon=&#8221;fas fa-angle-double-right&#8221; iconbg=&#8221;#1e73be&#8221; iconclr=&#8221;#ffffff&#8221;]Sin libro, pero con un sistema de ficheros creados por los profesores y adaptados a las necesidades ling\u00fc\u00edsticas de los alumnos. Un m\u00e9todo basado en el aspecto comunicativo del idioma, sin descuidar, de ninguna manera, la expresi\u00f3n escrita, dando \u00e9nfasis a la expresi\u00f3n oral y a su uso pragm\u00e1tico en situaciones de la vida cotidiana de los franceses. De este modo nuestro material did\u00e1ctico est\u00e1 estructurado sobre una actualizaci\u00f3n del idioma: \u201cel franc\u00e9s de hoy\u201d enriquecido, a su vez, por todo tipo de material de apoyo, tales como: canciones, art\u00edculos de peri\u00f3dicos y revistas, v\u00eddeos, juegos, etc.[\/info_list_son][info_list_son style=&#8221;icon&#8221; size=&#8221;15&#8243; width=&#8221;40&#8243; height=&#8221;40&#8243; titlesize=&#8221;15&#8243; titleclr=&#8221;#000000&#8243; icon=&#8221;fas fa-angle-double-right&#8221; iconbg=&#8221;#1e73be&#8221; iconclr=&#8221;#ffffff&#8221;]Durante el primer d\u00eda hacemos una evaluaci\u00f3n oral a los alumnos para determinar su nivel de conversaci\u00f3n en franc\u00e9s. Esta evaluaci\u00f3n esta basada en el Marco com\u00fan europeo de referencia para las lenguas: aprendizaje, ense\u00f1anza y evaluaci\u00f3n (MCERL).[\/info_list_son][info_list_son style=&#8221;icon&#8221; size=&#8221;15&#8243; width=&#8221;40&#8243; height=&#8221;40&#8243; titlesize=&#8221;15&#8243; titleclr=&#8221;#000000&#8243; icon=&#8221;fas fa-angle-double-right&#8221; iconbg=&#8221;#1e73be&#8221; iconclr=&#8221;#ffffff&#8221;]<\/p>\n<div class=\"flex-start elementos-lista filtro-colores #5fa92b\">\n<p>Reunidos alrededor de una mesa, los alumnos participan activamente y contribuyen con su creatividad durante el curso a trav\u00e9s de exposiciones din\u00e1micas con roles asignados, debates, etc.<\/p>\n<\/div>\n<div id=\"gtx-trans\" style=\"position: absolute; left: -72px; top: -10px;\">\n<div class=\"gtx-trans-icon\"><\/div>\n<\/div>\n<p>[\/info_list_son][info_list_son style=&#8221;icon&#8221; size=&#8221;15&#8243; width=&#8221;40&#8243; height=&#8221;40&#8243; titlesize=&#8221;15&#8243; titleclr=&#8221;#000000&#8243; icon=&#8221;fas fa-angle-double-right&#8221; iconbg=&#8221;#1e73be&#8221; iconclr=&#8221;#ffffff&#8221;]<\/p>\n<div class=\"flex-start elementos-lista filtro-colores #5fa92b\">\n<p>La pronunciaci\u00f3n es corregida durante el curso, y se le asigna tarea a los estudiantes al final de cada clase (la correcci\u00f3n de \u00e9sta se hace de manera personalizada o bien en grupo al inicio de la siguiente clase).<\/p>\n<\/div>\n<p>[\/info_list_son][\/info_list_father][\/vc_column_inner][\/vc_row_inner][\/vc_column][\/vc_row][vc_row css=&#8221;.vc_custom_1597551607383{margin-bottom: 34px !important;padding-right: 10px !important;}&#8221;][vc_column][vc_raw_html css=&#8221;.vc_custom_1597768184322{padding-bottom: 30px !important;background-color: #ffffff !important;}&#8221;]JTNDZGl2JTIwY2xhc3MlM0QlMjIlMjIlMjBzdHlsZSUzRCUyMnRleHQtYWxpZ24lM0FjZW50ZXIlM0IlMjIlM0UlMEElM0NhJTIwaHJlZiUzRCUyMmh0dHBzJTNBJTJGJTJGbGF0ZWxpZXI5LmNvbSUyRmJpZW52ZW5pZG8lMkYlMjIlMjBjbGFzcyUzRCUyMmJvdG9uMSUyMiUzRVJFR1JFU0FSJTNDJTJGYSUzRSUwQSUwQSUzQyUyRmRpdiUzRQ==[\/vc_raw_html]\n\t\t\t<!-- START Slider 2 REVOLUTION SLIDER 6.2.18 --><p class=\"rs-p-wp-fix\"><\/p>\n\t\t\t<rs-module-wrap id=\"rev_slider_2_1_wrapper\" data-source=\"gallery\" style=\"background:transparent;padding:0;margin:0px auto;margin-top:0;margin-bottom:0;\">\n\t\t\t\t<rs-module id=\"rev_slider_2_1\" style=\"\" data-version=\"6.2.18\">\n\t\t\t\t\t<rs-slides>\n\t\t\t\t\t\t<rs-slide data-key=\"rs-3\" data-title=\"Slide\" data-anim=\"ei:d;eo:d;s:1000;r:0;t:fade;sl:0;\">\n\t\t\t\t\t\t\t<img src=\"\/\/latelier9.com\/bienvenido\/wp-content\/plugins\/revslider\/public\/assets\/assets\/transparent.png\" alt=\"Slide\" title=\"Nuestro M\u00e9todo\" class=\"rev-slidebg\" data-no-retina>\n<!--\n\t\t\t\t\t\t\t--><rs-layer\n\t\t\t\t\t\t\t\tid=\"slider-2-slide-3-layer-1\" \n\t\t\t\t\t\t\t\tdata-type=\"image\"\n\t\t\t\t\t\t\t\tdata-rsp_ch=\"on\"\n\t\t\t\t\t\t\t\tdata-xy=\"xo:-642px,-642px,-642px,-249px;yo:165px,165px,165px,386px;\"\n\t\t\t\t\t\t\t\tdata-text=\"w:normal;s:20,20,20,7;l:0,0,0,9;\"\n\t\t\t\t\t\t\t\tdata-dim=\"w:300px,300px,300px,322px;h:125px,125px,125px,134px;\"\n\t\t\t\t\t\t\t\tdata-frame_999=\"o:0;st:w;\"\n\t\t\t\t\t\t\t\tdata-loop_999=\"x:3000px;sp:99999;e:sine.inOut;yym:t;\"\n\t\t\t\t\t\t\t\tstyle=\"z-index:12;\"\n\t\t\t\t\t\t\t><img src=\"\/\/latelier9.com\/bienvenido\/wp-content\/uploads\/2020\/08\/Recurso-7-1-nube.svg\" width=\"0\" height=\"0\" data-no-retina> \n\t\t\t\t\t\t\t<\/rs-layer><!--\n\n\t\t\t\t\t\t\t--><rs-layer\n\t\t\t\t\t\t\t\tid=\"slider-2-slide-3-layer-2\" \n\t\t\t\t\t\t\t\tdata-type=\"image\"\n\t\t\t\t\t\t\t\tdata-rsp_ch=\"on\"\n\t\t\t\t\t\t\t\tdata-xy=\"xo:-311px,-311px,-311px,266px;yo:28px,28px,28px,389px;\"\n\t\t\t\t\t\t\t\tdata-text=\"w:normal;s:20,20,20,7;l:0,0,0,9;\"\n\t\t\t\t\t\t\t\tdata-dim=\"w:300px,300px,300px,307px;h:125px,125px,125px,128px;\"\n\t\t\t\t\t\t\t\tdata-frame_999=\"o:0;st:w;\"\n\t\t\t\t\t\t\t\tdata-loop_999=\"x:3000px;sp:99999;st:1500;e:sine.inOut;yym:t;\"\n\t\t\t\t\t\t\t\tstyle=\"z-index:15;\"\n\t\t\t\t\t\t\t><img src=\"\/\/latelier9.com\/bienvenido\/wp-content\/uploads\/2020\/08\/Recurso-7-1.svg\" width=\"0\" height=\"0\" data-no-retina> \n\t\t\t\t\t\t\t<\/rs-layer><!--\n\n\t\t\t\t\t\t\t--><rs-layer\n\t\t\t\t\t\t\t\tid=\"slider-2-slide-3-layer-3\" \n\t\t\t\t\t\t\t\tdata-type=\"image\"\n\t\t\t\t\t\t\t\tdata-rsp_ch=\"on\"\n\t\t\t\t\t\t\t\tdata-xy=\"x:c;xo:1px,1px,1px,0;y:b;yo:-8px,-8px,-8px,-2px;\"\n\t\t\t\t\t\t\t\tdata-text=\"w:normal;s:20,20,20,7;l:0,0,0,9;\"\n\t\t\t\t\t\t\t\tdata-dim=\"w:2049px,2049px,2049px,1924px;h:180px,180px,180px,169px;\"\n\t\t\t\t\t\t\t\tdata-frame_999=\"o:0;st:w;\"\n\t\t\t\t\t\t\t\tstyle=\"z-index:9;\"\n\t\t\t\t\t\t\t><img src=\"\/\/latelier9.com\/bienvenido\/wp-content\/uploads\/2020\/08\/lista2Recurso-1blanco.png\" width=\"13845\" height=\"1216\" data-no-retina> \n\t\t\t\t\t\t\t<\/rs-layer><!--\n\n\t\t\t\t\t\t\t--><rs-layer\n\t\t\t\t\t\t\t\tid=\"slider-2-slide-3-layer-4\" \n\t\t\t\t\t\t\t\tdata-type=\"image\"\n\t\t\t\t\t\t\t\tdata-rsp_ch=\"on\"\n\t\t\t\t\t\t\t\tdata-xy=\"x:c;xo:0,0,0,6px;yo:5px,5px,5px,13px;\"\n\t\t\t\t\t\t\t\tdata-text=\"w:normal;s:20,20,20,7;l:0,0,0,9;\"\n\t\t\t\t\t\t\t\tdata-dim=\"w:211px,211px,211px,215px;h:361px,361px,361px,369px;\"\n\t\t\t\t\t\t\t\tdata-frame_999=\"o:0;st:w;\"\n\t\t\t\t\t\t\t\tstyle=\"z-index:8;\"\n\t\t\t\t\t\t\t><img src=\"\/\/latelier9.com\/bienvenido\/wp-content\/uploads\/2024\/11\/Logo-Latelier-9-Color.png\" width=\"280\" height=\"480\" data-no-retina> \n\t\t\t\t\t\t\t<\/rs-layer><!--\n\n\t\t\t\t\t\t\t--><rs-layer\n\t\t\t\t\t\t\t\tid=\"slider-2-slide-3-layer-5\" \n\t\t\t\t\t\t\t\tdata-type=\"image\"\n\t\t\t\t\t\t\t\tdata-rsp_ch=\"on\"\n\t\t\t\t\t\t\t\tdata-xy=\"xo:547px,547px,547px,211px;yo:42px,42px,42px,15px;\"\n\t\t\t\t\t\t\t\tdata-text=\"w:normal;s:20,20,20,7;l:0,0,0,9;\"\n\t\t\t\t\t\t\t\tdata-dim=\"w:300px,300px,300px,326px;h:125px,125px,125px,136px;\"\n\t\t\t\t\t\t\t\tdata-frame_999=\"o:0;st:w;\"\n\t\t\t\t\t\t\t\tdata-loop_999=\"x:3000px;sp:99999;st:1500;e:sine.inOut;yym:t;\"\n\t\t\t\t\t\t\t\tstyle=\"z-index:14;\"\n\t\t\t\t\t\t\t><img src=\"\/\/latelier9.com\/bienvenido\/wp-content\/uploads\/2020\/08\/Recurso-7-1.svg\" width=\"0\" height=\"0\" data-no-retina> \n\t\t\t\t\t\t\t<\/rs-layer><!--\n\n\t\t\t\t\t\t\t--><rs-layer\n\t\t\t\t\t\t\t\tid=\"slider-2-slide-3-layer-6\" \n\t\t\t\t\t\t\t\tdata-type=\"image\"\n\t\t\t\t\t\t\t\tdata-rsp_ch=\"on\"\n\t\t\t\t\t\t\t\tdata-xy=\"xo:120px,120px,120px,-163px;yo:144px,144px,144px,156px;\"\n\t\t\t\t\t\t\t\tdata-text=\"w:normal;s:20,20,20,7;l:0,0,0,9;\"\n\t\t\t\t\t\t\t\tdata-dim=\"w:300px,300px,300px,274px;h:125px,125px,125px,114px;\"\n\t\t\t\t\t\t\t\tdata-frame_999=\"o:0;st:w;\"\n\t\t\t\t\t\t\t\tdata-loop_999=\"x:3000px;sp:99999;st:1500;e:sine.inOut;yym:t;\"\n\t\t\t\t\t\t\t\tstyle=\"z-index:13;\"\n\t\t\t\t\t\t\t><img src=\"\/\/latelier9.com\/bienvenido\/wp-content\/uploads\/2020\/08\/Recurso-7-1.svg\" width=\"0\" height=\"0\" data-no-retina> \n\t\t\t\t\t\t\t<\/rs-layer><!--\n\n\t\t\t\t\t\t\t--><rs-layer\n\t\t\t\t\t\t\t\tid=\"slider-2-slide-3-layer-7\" \n\t\t\t\t\t\t\t\tdata-type=\"image\"\n\t\t\t\t\t\t\t\tdata-rsp_ch=\"on\"\n\t\t\t\t\t\t\t\tdata-xy=\"x:c;xo:80px,80px,80px,105px;y:b;yo:90px,90px,90px,40px;\"\n\t\t\t\t\t\t\t\tdata-text=\"w:normal;s:20,20,20,7;l:0,0,0,9;\"\n\t\t\t\t\t\t\t\tdata-dim=\"w:150px,150px,150px,180px;h:213px,213px,213px,255px;\"\n\t\t\t\t\t\t\t\tdata-frame_999=\"o:0;st:w;\"\n\t\t\t\t\t\t\t\tstyle=\"z-index:11;\"\n\t\t\t\t\t\t\t><img src=\"\/\/latelier9.com\/bienvenido\/wp-content\/uploads\/2025\/05\/ExcellenceAward-2025.webp\" width=\"407\" height=\"577\" data-no-retina> \n\t\t\t\t\t\t\t<\/rs-layer><!--\n\n\t\t\t\t\t\t\t--><rs-layer\n\t\t\t\t\t\t\t\tid=\"slider-2-slide-3-layer-8\" \n\t\t\t\t\t\t\t\tdata-type=\"image\"\n\t\t\t\t\t\t\t\tdata-rsp_ch=\"on\"\n\t\t\t\t\t\t\t\tdata-xy=\"x:c;xo:-85px,-85px,-85px,-95px;y:b;yo:90px,90px,90px,40px;\"\n\t\t\t\t\t\t\t\tdata-text=\"w:normal;s:20,20,20,7;l:0,0,0,9;\"\n\t\t\t\t\t\t\t\tdata-dim=\"w:150px,150px,150px,180px;h:213px,213px,213px,255px;\"\n\t\t\t\t\t\t\t\tdata-frame_999=\"o:0;st:w;\"\n\t\t\t\t\t\t\t\tstyle=\"z-index:10;\"\n\t\t\t\t\t\t\t><img src=\"\/\/latelier9.com\/bienvenido\/wp-content\/uploads\/2024\/03\/ExcellenceAward.png\" width=\"379\" height=\"537\" data-no-retina> \n\t\t\t\t\t\t\t<\/rs-layer><!--\n-->\t\t\t\t\t\t<\/rs-slide>\n\t\t\t\t\t<\/rs-slides>\n\t\t\t\t<\/rs-module>\n\t\t\t\t<script type=\"text\/javascript\">\n\t\t\t\t\tsetREVStartSize({c: 'rev_slider_2_1',rl:[1240,1240,1240,480],el:[700,700,700,720],gw:[1240,1240,1240,480],gh:[700,700,700,720],type:'standard',justify:'',layout:'fullwidth',mh:\"0\"});\n\t\t\t\t\tvar\trevapi2,\n\t\t\t\t\t\ttpj;\n\t\t\t\t\tjQuery(function() {\n\t\t\t\t\t\ttpj = jQuery;\n\t\t\t\t\t\trevapi2 = tpj(\"#rev_slider_2_1\");\n\t\t\t\t\t\tif(revapi2==undefined || revapi2.revolution == undefined){\n\t\t\t\t\t\t\trevslider_showDoubleJqueryError(\"rev_slider_2_1\");\n\t\t\t\t\t\t}else{\n\t\t\t\t\t\t\trevapi2.revolution({\n\t\t\t\t\t\t\t\tsliderLayout:\"fullwidth\",\n\t\t\t\t\t\t\t\tvisibilityLevels:\"1240,1240,1240,480\",\n\t\t\t\t\t\t\t\tgridwidth:\"1240,1240,1240,480\",\n\t\t\t\t\t\t\t\tgridheight:\"700,700,700,720\",\n\t\t\t\t\t\t\t\tspinner:\"spinner0\",\n\t\t\t\t\t\t\t\tperspective:600,\n\t\t\t\t\t\t\t\tperspectiveType:\"global\",\n\t\t\t\t\t\t\t\teditorheight:\"700,768,314,720\",\n\t\t\t\t\t\t\t\tresponsiveLevels:\"1240,1240,1240,480\",\n\t\t\t\t\t\t\t\tprogressBar:{disableProgressBar:true},\n\t\t\t\t\t\t\t\tnavigation: {\n\t\t\t\t\t\t\t\t\tonHoverStop:false\n\t\t\t\t\t\t\t\t},\n\t\t\t\t\t\t\t\tfallbacks: {\n\t\t\t\t\t\t\t\t\tallowHTML5AutoPlayOnAndroid:true\n\t\t\t\t\t\t\t\t},\n\t\t\t\t\t\t\t});\n\t\t\t\t\t\t}\n\t\t\t\t\t\t\n\t\t\t\t\t});\n\t\t\t\t<\/script>\n\t\t\t<\/rs-module-wrap>\n\t\t\t<!-- END REVOLUTION SLIDER -->\n[\/vc_column][\/vc_row]<\/p>\n","protected":false},"excerpt":{"rendered":"<p>[vc_row][vc_column][vc_row_inner css=&#8221;.vc_custom_1597614827235{padding-right: 10px !important;}&#8221;][vc_column_inner][vc_single_image image=&#8221;459&#8243; img_size=&#8221;full&#8221; css=&#8221;.vc_custom_1597616960264{margin-bottom: -10px !important;}&#8221;][vc_custom_heading text=&#8221;M\u00c9TODO DE ESTUDIO&#8221; font_container=&#8221;tag:h2|font_size:25|text_align:center|color:%23ffffff&#8221; use_theme_fonts=&#8221;yes&#8221; css=&#8221;.vc_custom_1597615264717{padding-top: 30px !important;padding-right: 7px !important;padding-left: 7px !important;background-color: #065ba1 !important;}&#8221;][vc_custom_heading text=&#8221;M\u00e1ximo 9 alumnos por grupo: \u00a1ese es el secreto de un aprendizaje eficaz y un ambiente agradable!&#8221; font_container=&#8221;tag:p|font_size:16|text_align:center|color:%23ffffff&#8221; use_theme_fonts=&#8221;yes&#8221; css=&#8221;.vc_custom_1597613306895{margin-top: -9px !important;border-bottom-width: 3px !important;padding-top: 20px !important;padding-right: 7px !important;padding-bottom: 20px !important;padding-left: 7px !important;background-color: [&hellip;]<\/p>\n","protected":false},"author":1,"featured_media":0,"parent":0,"menu_order":0,"comment_status":"closed","ping_status":"closed","template":"","meta":[],"_links":{"self":[{"href":"https:\/\/latelier9.com\/bienvenido\/wp-json\/wp\/v2\/pages\/441"}],"collection":[{"href":"https:\/\/latelier9.com\/bienvenido\/wp-json\/wp\/v2\/pages"}],"about":[{"href":"https:\/\/latelier9.com\/bienvenido\/wp-json\/wp\/v2\/types\/page"}],"author":[{"embeddable":true,"href":"https:\/\/latelier9.com\/bienvenido\/wp-json\/wp\/v2\/users\/1"}],"replies":[{"embeddable":true,"href":"https:\/\/latelier9.com\/bienvenido\/wp-json\/wp\/v2\/comments?post=441"}],"version-history":[{"count":16,"href":"https:\/\/latelier9.com\/bienvenido\/wp-json\/wp\/v2\/pages\/441\/revisions"}],"predecessor-version":[{"id":533,"href":"https:\/\/latelier9.com\/bienvenido\/wp-json\/wp\/v2\/pages\/441\/revisions\/533"}],"wp:attachment":[{"href":"https:\/\/latelier9.com\/bienvenido\/wp-json\/wp\/v2\/media?parent=441"}],"curies":[{"name":"wp","href":"https:\/\/api.w.org\/{rel}","templated":true}]}}