{"id":342,"date":"2020-08-16T04:33:04","date_gmt":"2020-08-16T04:33:04","guid":{"rendered":"https:\/\/latelier9.com\/bienvenido\/alojamiento-copy\/"},"modified":"2020-08-18T16:28:57","modified_gmt":"2020-08-18T16:28:57","slug":"talleres-linguisticos-y-culturales","status":"publish","type":"page","link":"https:\/\/latelier9.com\/bienvenido\/talleres-linguisticos-y-culturales\/","title":{"rendered":"TALLERES LING\u00dc\u00cdSTICOS Y CULTURALES"},"content":{"rendered":"<p>[vc_row css=&#8221;.vc_custom_1597550966433{padding-right: 10px !important;}&#8221;][vc_column][vc_row_inner][vc_column_inner][vc_custom_heading source=&#8221;post_title&#8221; font_container=&#8221;tag:h2|font_size:25|text_align:center|color:%23ffffff&#8221; use_theme_fonts=&#8221;yes&#8221; css=&#8221;.vc_custom_1597550928008{padding-top: 30px !important;padding-right: 7px !important;padding-left: 7px !important;background-color: #065ba1 !important;}&#8221;][vc_custom_heading text=&#8221;Los talleres son de 2:00pm a 3:30pm.&#8221; font_container=&#8221;tag:p|font_size:16|text_align:center|color:%23ffffff&#8221; use_theme_fonts=&#8221;yes&#8221; css=&#8221;.vc_custom_1597552444242{margin-top: -9px !important;border-bottom-width: 3px !important;padding-top: 20px !important;padding-right: 7px !important;padding-bottom: 20px !important;padding-left: 7px !important;background-color: #065ba1 !important;border-bottom-color: #528cbf !important;border-bottom-style: solid !important;}&#8221;][info_list_father connector_h=&#8221;0&#8243; listwidth=&#8221;0&#8243; listclr=&#8221;#444444&#8243; css=&#8221;.vc_custom_1597551370342{margin-top: -20px !important;padding-top: 20px !important;padding-right: 10px !important;padding-bottom: 40px !important;background-color: #ffffff !important;}&#8221;][info_list_son style=&#8221;icon&#8221; size=&#8221;15&#8243; width=&#8221;40&#8243; height=&#8221;40&#8243; titlesize=&#8221;15&#8243; titleclr=&#8221;#000000&#8243; icon=&#8221;fas fa-chevron-right&#8221; iconbg=&#8221;#1e73be&#8221; iconclr=&#8221;#ffffff&#8221; title=&#8221;Teatro y Comunicaci\u00f3n&#8221;]Un m\u00e9todo eficaz y creativo para expresarte mejor en franc\u00e9s. Improvisaci\u00f3n de actividades y sketches para practicar franc\u00e9s y divertirte. T\u00e9cnicas de comunicaci\u00f3n para expresarte en franc\u00e9s y ejercicios pr\u00e1cticos para aplicar la gram\u00e1tica oralmente. Diferentes actividades para mejorar la pronunciaci\u00f3n y ejercicios especializados en la dicci\u00f3n para reproducir los sonidos del franc\u00e9s y pasar un buen rato!![\/info_list_son][info_list_son style=&#8221;icon&#8221; size=&#8221;15&#8243; width=&#8221;40&#8243; height=&#8221;40&#8243; titlesize=&#8221;15&#8243; titleclr=&#8221;#000000&#8243; icon=&#8221;fas fa-chevron-right&#8221; iconbg=&#8221;#1e73be&#8221; iconclr=&#8221;#ffffff&#8221; title=&#8221;Tradiciones y Festividades de Francia&#8221;]Ven y descubre algunas de las tradiciones mas importantes de Francia, la historia de algunas de la festividades francesas y su forma de celebrarlas. Una excelente manera de adentrarse m\u00e1s en la cultura francesa.[\/info_list_son][info_list_son style=&#8221;icon&#8221; size=&#8221;15&#8243; width=&#8221;40&#8243; height=&#8221;40&#8243; titlesize=&#8221;15&#8243; titleclr=&#8221;#000000&#8243; icon=&#8221;fas fa-chevron-right&#8221; iconbg=&#8221;#1e73be&#8221; iconclr=&#8221;#ffffff&#8221; title=&#8221;Conversaci\u00f3n&#8221;]\u00danete a nuestro grupo de conversaci\u00f3n para consolidar tus habilidades de conversaci\u00f3n. En un ambiente relajado y espont\u00e1neo podr\u00e1s expresarte en franc\u00e9s . Talleres din\u00e1micos adaptados a diferentes niveles.[\/info_list_son][info_list_son style=&#8221;icon&#8221; size=&#8221;15&#8243; width=&#8221;40&#8243; height=&#8221;40&#8243; titlesize=&#8221;15&#8243; titleclr=&#8221;#000000&#8243; icon=&#8221;fas fa-chevron-right&#8221; iconbg=&#8221;#1e73be&#8221; iconclr=&#8221;#ffffff&#8221; title=&#8221;Taller de M\u00fasica Francesa&#8221;]Un viaje a trav\u00e9s de la historia de la m\u00fasica francesa, sus grandes m\u00fasicos e int\u00e9rpretes, canciones y melod\u00edas cl\u00e1sicas.[\/info_list_son][info_list_son style=&#8221;icon&#8221; size=&#8221;15&#8243; width=&#8221;40&#8243; height=&#8221;40&#8243; titlesize=&#8221;15&#8243; titleclr=&#8221;#000000&#8243; icon=&#8221;fas fa-chevron-right&#8221; iconbg=&#8221;#1e73be&#8221; iconclr=&#8221;#ffffff&#8221; title=&#8221;Taller de Historia del Arte&#8221;]Lo tuyo es \u201cMonet\u201d ou \u201cManet\u201d? Ven y descubre a los grandes maestros de la pintura francesa y los grandes tesoros ocultos de los museos parisinos\u2026Y muchos talleres m\u00e1s![\/info_list_son][\/info_list_father][vc_custom_heading text=&#8221;EL PROGRAMA DEL CURSO INTENSIVO INCLUYE UN TALLER LING\u00dc\u00cdSTICO\/CULTURAL POR SEMANA. (Solicitar calendario de horarios y fechas de los talleres del mes en nuestra oficina)&#8221; font_container=&#8221;tag:p|text_align:center&#8221; use_theme_fonts=&#8221;yes&#8221; css=&#8221;.vc_custom_1597552673452{margin-top: -35px !important;margin-bottom: -10px !important;padding-top: 35px !important;padding-bottom: 35px !important;padding-left: 15px !important;background-color: #ffffff !important;}&#8221;][\/vc_column_inner][\/vc_row_inner][\/vc_column][\/vc_row][vc_row css=&#8221;.vc_custom_1597551607383{margin-bottom: 34px !important;padding-right: 10px !important;}&#8221;][vc_column][vc_raw_html css=&#8221;.vc_custom_1597768134944{padding-bottom: 30px !important;background-color: #ffffff !important;}&#8221;]JTNDZGl2JTIwY2xhc3MlM0QlMjIlMjIlMjBzdHlsZSUzRCUyMnRleHQtYWxpZ24lM0FjZW50ZXIlM0IlMjIlM0UlMEElM0NhJTIwaHJlZiUzRCUyMmh0dHBzJTNBJTJGJTJGbGF0ZWxpZXI5LmNvbSUyRmJpZW52ZW5pZG8lMkYlMjIlMjBjbGFzcyUzRCUyMmJvdG9uMSUyMiUzRVJFR1JFU0FSJTNDJTJGYSUzRSUwQSUwQSUzQyUyRmRpdiUzRQ==[\/vc_raw_html]\n\t\t\t<!-- START Slider 2 REVOLUTION SLIDER 6.2.18 --><p class=\"rs-p-wp-fix\"><\/p>\n\t\t\t<rs-module-wrap id=\"rev_slider_2_1_wrapper\" data-source=\"gallery\" style=\"background:transparent;padding:0;margin:0px auto;margin-top:0;margin-bottom:0;\">\n\t\t\t\t<rs-module id=\"rev_slider_2_1\" style=\"\" data-version=\"6.2.18\">\n\t\t\t\t\t<rs-slides>\n\t\t\t\t\t\t<rs-slide data-key=\"rs-3\" data-title=\"Slide\" data-anim=\"ei:d;eo:d;s:1000;r:0;t:fade;sl:0;\">\n\t\t\t\t\t\t\t<img src=\"\/\/latelier9.com\/bienvenido\/wp-content\/plugins\/revslider\/public\/assets\/assets\/transparent.png\" alt=\"Slide\" title=\"TALLERES LING\u00dc\u00cdSTICOS Y CULTURALES\" class=\"rev-slidebg\" data-no-retina>\n<!--\n\t\t\t\t\t\t\t--><rs-layer\n\t\t\t\t\t\t\t\tid=\"slider-2-slide-3-layer-1\" \n\t\t\t\t\t\t\t\tdata-type=\"image\"\n\t\t\t\t\t\t\t\tdata-rsp_ch=\"on\"\n\t\t\t\t\t\t\t\tdata-xy=\"xo:-642px,-642px,-642px,-249px;yo:165px,165px,165px,386px;\"\n\t\t\t\t\t\t\t\tdata-text=\"w:normal;s:20,20,20,7;l:0,0,0,9;\"\n\t\t\t\t\t\t\t\tdata-dim=\"w:300px,300px,300px,322px;h:125px,125px,125px,134px;\"\n\t\t\t\t\t\t\t\tdata-frame_999=\"o:0;st:w;\"\n\t\t\t\t\t\t\t\tdata-loop_999=\"x:3000px;sp:99999;e:sine.inOut;yym:t;\"\n\t\t\t\t\t\t\t\tstyle=\"z-index:12;\"\n\t\t\t\t\t\t\t><img src=\"\/\/latelier9.com\/bienvenido\/wp-content\/uploads\/2020\/08\/Recurso-7-1-nube.svg\" width=\"0\" height=\"0\" data-no-retina> \n\t\t\t\t\t\t\t<\/rs-layer><!--\n\n\t\t\t\t\t\t\t--><rs-layer\n\t\t\t\t\t\t\t\tid=\"slider-2-slide-3-layer-2\" \n\t\t\t\t\t\t\t\tdata-type=\"image\"\n\t\t\t\t\t\t\t\tdata-rsp_ch=\"on\"\n\t\t\t\t\t\t\t\tdata-xy=\"xo:-311px,-311px,-311px,266px;yo:28px,28px,28px,389px;\"\n\t\t\t\t\t\t\t\tdata-text=\"w:normal;s:20,20,20,7;l:0,0,0,9;\"\n\t\t\t\t\t\t\t\tdata-dim=\"w:300px,300px,300px,307px;h:125px,125px,125px,128px;\"\n\t\t\t\t\t\t\t\tdata-frame_999=\"o:0;st:w;\"\n\t\t\t\t\t\t\t\tdata-loop_999=\"x:3000px;sp:99999;st:1500;e:sine.inOut;yym:t;\"\n\t\t\t\t\t\t\t\tstyle=\"z-index:15;\"\n\t\t\t\t\t\t\t><img src=\"\/\/latelier9.com\/bienvenido\/wp-content\/uploads\/2020\/08\/Recurso-7-1.svg\" width=\"0\" height=\"0\" data-no-retina> \n\t\t\t\t\t\t\t<\/rs-layer><!--\n\n\t\t\t\t\t\t\t--><rs-layer\n\t\t\t\t\t\t\t\tid=\"slider-2-slide-3-layer-3\" \n\t\t\t\t\t\t\t\tdata-type=\"image\"\n\t\t\t\t\t\t\t\tdata-rsp_ch=\"on\"\n\t\t\t\t\t\t\t\tdata-xy=\"x:c;xo:1px,1px,1px,0;y:b;yo:-8px,-8px,-8px,-2px;\"\n\t\t\t\t\t\t\t\tdata-text=\"w:normal;s:20,20,20,7;l:0,0,0,9;\"\n\t\t\t\t\t\t\t\tdata-dim=\"w:2049px,2049px,2049px,1924px;h:180px,180px,180px,169px;\"\n\t\t\t\t\t\t\t\tdata-frame_999=\"o:0;st:w;\"\n\t\t\t\t\t\t\t\tstyle=\"z-index:9;\"\n\t\t\t\t\t\t\t><img src=\"\/\/latelier9.com\/bienvenido\/wp-content\/uploads\/2020\/08\/lista2Recurso-1blanco.png\" width=\"13845\" height=\"1216\" data-no-retina> \n\t\t\t\t\t\t\t<\/rs-layer><!--\n\n\t\t\t\t\t\t\t--><rs-layer\n\t\t\t\t\t\t\t\tid=\"slider-2-slide-3-layer-4\" \n\t\t\t\t\t\t\t\tdata-type=\"image\"\n\t\t\t\t\t\t\t\tdata-rsp_ch=\"on\"\n\t\t\t\t\t\t\t\tdata-xy=\"x:c;xo:0,0,0,6px;yo:5px,5px,5px,13px;\"\n\t\t\t\t\t\t\t\tdata-text=\"w:normal;s:20,20,20,7;l:0,0,0,9;\"\n\t\t\t\t\t\t\t\tdata-dim=\"w:211px,211px,211px,215px;h:361px,361px,361px,369px;\"\n\t\t\t\t\t\t\t\tdata-frame_999=\"o:0;st:w;\"\n\t\t\t\t\t\t\t\tstyle=\"z-index:8;\"\n\t\t\t\t\t\t\t><img src=\"\/\/latelier9.com\/bienvenido\/wp-content\/uploads\/2024\/11\/Logo-Latelier-9-Color.png\" width=\"280\" height=\"480\" data-no-retina> \n\t\t\t\t\t\t\t<\/rs-layer><!--\n\n\t\t\t\t\t\t\t--><rs-layer\n\t\t\t\t\t\t\t\tid=\"slider-2-slide-3-layer-5\" \n\t\t\t\t\t\t\t\tdata-type=\"image\"\n\t\t\t\t\t\t\t\tdata-rsp_ch=\"on\"\n\t\t\t\t\t\t\t\tdata-xy=\"xo:547px,547px,547px,211px;yo:42px,42px,42px,15px;\"\n\t\t\t\t\t\t\t\tdata-text=\"w:normal;s:20,20,20,7;l:0,0,0,9;\"\n\t\t\t\t\t\t\t\tdata-dim=\"w:300px,300px,300px,326px;h:125px,125px,125px,136px;\"\n\t\t\t\t\t\t\t\tdata-frame_999=\"o:0;st:w;\"\n\t\t\t\t\t\t\t\tdata-loop_999=\"x:3000px;sp:99999;st:1500;e:sine.inOut;yym:t;\"\n\t\t\t\t\t\t\t\tstyle=\"z-index:14;\"\n\t\t\t\t\t\t\t><img src=\"\/\/latelier9.com\/bienvenido\/wp-content\/uploads\/2020\/08\/Recurso-7-1.svg\" width=\"0\" height=\"0\" data-no-retina> \n\t\t\t\t\t\t\t<\/rs-layer><!--\n\n\t\t\t\t\t\t\t--><rs-layer\n\t\t\t\t\t\t\t\tid=\"slider-2-slide-3-layer-6\" \n\t\t\t\t\t\t\t\tdata-type=\"image\"\n\t\t\t\t\t\t\t\tdata-rsp_ch=\"on\"\n\t\t\t\t\t\t\t\tdata-xy=\"xo:120px,120px,120px,-163px;yo:144px,144px,144px,156px;\"\n\t\t\t\t\t\t\t\tdata-text=\"w:normal;s:20,20,20,7;l:0,0,0,9;\"\n\t\t\t\t\t\t\t\tdata-dim=\"w:300px,300px,300px,274px;h:125px,125px,125px,114px;\"\n\t\t\t\t\t\t\t\tdata-frame_999=\"o:0;st:w;\"\n\t\t\t\t\t\t\t\tdata-loop_999=\"x:3000px;sp:99999;st:1500;e:sine.inOut;yym:t;\"\n\t\t\t\t\t\t\t\tstyle=\"z-index:13;\"\n\t\t\t\t\t\t\t><img src=\"\/\/latelier9.com\/bienvenido\/wp-content\/uploads\/2020\/08\/Recurso-7-1.svg\" width=\"0\" height=\"0\" data-no-retina> \n\t\t\t\t\t\t\t<\/rs-layer><!--\n\n\t\t\t\t\t\t\t--><rs-layer\n\t\t\t\t\t\t\t\tid=\"slider-2-slide-3-layer-7\" \n\t\t\t\t\t\t\t\tdata-type=\"image\"\n\t\t\t\t\t\t\t\tdata-rsp_ch=\"on\"\n\t\t\t\t\t\t\t\tdata-xy=\"x:c;xo:80px,80px,80px,105px;y:b;yo:90px,90px,90px,40px;\"\n\t\t\t\t\t\t\t\tdata-text=\"w:normal;s:20,20,20,7;l:0,0,0,9;\"\n\t\t\t\t\t\t\t\tdata-dim=\"w:150px,150px,150px,180px;h:213px,213px,213px,255px;\"\n\t\t\t\t\t\t\t\tdata-frame_999=\"o:0;st:w;\"\n\t\t\t\t\t\t\t\tstyle=\"z-index:11;\"\n\t\t\t\t\t\t\t><img src=\"\/\/latelier9.com\/bienvenido\/wp-content\/uploads\/2025\/05\/ExcellenceAward-2025.webp\" width=\"407\" height=\"577\" data-no-retina> \n\t\t\t\t\t\t\t<\/rs-layer><!--\n\n\t\t\t\t\t\t\t--><rs-layer\n\t\t\t\t\t\t\t\tid=\"slider-2-slide-3-layer-8\" \n\t\t\t\t\t\t\t\tdata-type=\"image\"\n\t\t\t\t\t\t\t\tdata-rsp_ch=\"on\"\n\t\t\t\t\t\t\t\tdata-xy=\"x:c;xo:-85px,-85px,-85px,-95px;y:b;yo:90px,90px,90px,40px;\"\n\t\t\t\t\t\t\t\tdata-text=\"w:normal;s:20,20,20,7;l:0,0,0,9;\"\n\t\t\t\t\t\t\t\tdata-dim=\"w:150px,150px,150px,180px;h:213px,213px,213px,255px;\"\n\t\t\t\t\t\t\t\tdata-frame_999=\"o:0;st:w;\"\n\t\t\t\t\t\t\t\tstyle=\"z-index:10;\"\n\t\t\t\t\t\t\t><img src=\"\/\/latelier9.com\/bienvenido\/wp-content\/uploads\/2024\/03\/ExcellenceAward.png\" width=\"379\" height=\"537\" data-no-retina> \n\t\t\t\t\t\t\t<\/rs-layer><!--\n-->\t\t\t\t\t\t<\/rs-slide>\n\t\t\t\t\t<\/rs-slides>\n\t\t\t\t<\/rs-module>\n\t\t\t\t<script type=\"text\/javascript\">\n\t\t\t\t\tsetREVStartSize({c: 'rev_slider_2_1',rl:[1240,1240,1240,480],el:[700,700,700,720],gw:[1240,1240,1240,480],gh:[700,700,700,720],type:'standard',justify:'',layout:'fullwidth',mh:\"0\"});\n\t\t\t\t\tvar\trevapi2,\n\t\t\t\t\t\ttpj;\n\t\t\t\t\tjQuery(function() {\n\t\t\t\t\t\ttpj = jQuery;\n\t\t\t\t\t\trevapi2 = tpj(\"#rev_slider_2_1\");\n\t\t\t\t\t\tif(revapi2==undefined || revapi2.revolution == undefined){\n\t\t\t\t\t\t\trevslider_showDoubleJqueryError(\"rev_slider_2_1\");\n\t\t\t\t\t\t}else{\n\t\t\t\t\t\t\trevapi2.revolution({\n\t\t\t\t\t\t\t\tsliderLayout:\"fullwidth\",\n\t\t\t\t\t\t\t\tvisibilityLevels:\"1240,1240,1240,480\",\n\t\t\t\t\t\t\t\tgridwidth:\"1240,1240,1240,480\",\n\t\t\t\t\t\t\t\tgridheight:\"700,700,700,720\",\n\t\t\t\t\t\t\t\tspinner:\"spinner0\",\n\t\t\t\t\t\t\t\tperspective:600,\n\t\t\t\t\t\t\t\tperspectiveType:\"global\",\n\t\t\t\t\t\t\t\teditorheight:\"700,768,314,720\",\n\t\t\t\t\t\t\t\tresponsiveLevels:\"1240,1240,1240,480\",\n\t\t\t\t\t\t\t\tprogressBar:{disableProgressBar:true},\n\t\t\t\t\t\t\t\tnavigation: {\n\t\t\t\t\t\t\t\t\tonHoverStop:false\n\t\t\t\t\t\t\t\t},\n\t\t\t\t\t\t\t\tfallbacks: {\n\t\t\t\t\t\t\t\t\tallowHTML5AutoPlayOnAndroid:true\n\t\t\t\t\t\t\t\t},\n\t\t\t\t\t\t\t});\n\t\t\t\t\t\t}\n\t\t\t\t\t\t\n\t\t\t\t\t});\n\t\t\t\t<\/script>\n\t\t\t<\/rs-module-wrap>\n\t\t\t<!-- END REVOLUTION SLIDER -->\n[\/vc_column][\/vc_row]<\/p>\n","protected":false},"excerpt":{"rendered":"<p>[vc_row css=&#8221;.vc_custom_1597550966433{padding-right: 10px !important;}&#8221;][vc_column][vc_row_inner][vc_column_inner][vc_custom_heading source=&#8221;post_title&#8221; font_container=&#8221;tag:h2|font_size:25|text_align:center|color:%23ffffff&#8221; use_theme_fonts=&#8221;yes&#8221; css=&#8221;.vc_custom_1597550928008{padding-top: 30px !important;padding-right: 7px !important;padding-left: 7px !important;background-color: #065ba1 !important;}&#8221;][vc_custom_heading text=&#8221;Los talleres son de 2:00pm a 3:30pm.&#8221; font_container=&#8221;tag:p|font_size:16|text_align:center|color:%23ffffff&#8221; use_theme_fonts=&#8221;yes&#8221; css=&#8221;.vc_custom_1597552444242{margin-top: -9px !important;border-bottom-width: 3px !important;padding-top: 20px !important;padding-right: 7px !important;padding-bottom: 20px !important;padding-left: 7px !important;background-color: #065ba1 !important;border-bottom-color: #528cbf !important;border-bottom-style: solid !important;}&#8221;][info_list_father connector_h=&#8221;0&#8243; listwidth=&#8221;0&#8243; listclr=&#8221;#444444&#8243; css=&#8221;.vc_custom_1597551370342{margin-top: -20px !important;padding-top: 20px !important;padding-right: 10px !important;padding-bottom: 40px [&hellip;]<\/p>\n","protected":false},"author":1,"featured_media":0,"parent":0,"menu_order":0,"comment_status":"closed","ping_status":"closed","template":"","meta":[],"_links":{"self":[{"href":"https:\/\/latelier9.com\/bienvenido\/wp-json\/wp\/v2\/pages\/342"}],"collection":[{"href":"https:\/\/latelier9.com\/bienvenido\/wp-json\/wp\/v2\/pages"}],"about":[{"href":"https:\/\/latelier9.com\/bienvenido\/wp-json\/wp\/v2\/types\/page"}],"author":[{"embeddable":true,"href":"https:\/\/latelier9.com\/bienvenido\/wp-json\/wp\/v2\/users\/1"}],"replies":[{"embeddable":true,"href":"https:\/\/latelier9.com\/bienvenido\/wp-json\/wp\/v2\/comments?post=342"}],"version-history":[{"count":6,"href":"https:\/\/latelier9.com\/bienvenido\/wp-json\/wp\/v2\/pages\/342\/revisions"}],"predecessor-version":[{"id":531,"href":"https:\/\/latelier9.com\/bienvenido\/wp-json\/wp\/v2\/pages\/342\/revisions\/531"}],"wp:attachment":[{"href":"https:\/\/latelier9.com\/bienvenido\/wp-json\/wp\/v2\/media?parent=342"}],"curies":[{"name":"wp","href":"https:\/\/api.w.org\/{rel}","templated":true}]}}